{"id":38652,"date":"2023-02-08T15:22:04","date_gmt":"2023-02-08T15:22:04","guid":{"rendered":"https:\/\/cryptonews.com\/tr\/?p=38652"},"modified":"2023-02-08T15:22:04","modified_gmt":"2023-02-08T15:22:04","slug":"tags","status":"publish","type":"page","link":"https:\/\/cryptonews.com\/tr\/tags\/","title":{"rendered":"Etiketler"},"content":{"rendered":"\n        \n        ","protected":false},"excerpt":{"rendered":"","protected":false},"author":1,"featured_media":0,"parent":0,"menu_order":0,"comment_status":"closed","ping_status":"closed","template":"","meta":{"_acf_changed":false,"footnotes":""},"editors":[],"class_list":["post-38652","page","type-page","status-publish","hentry"],"acf":[],"yoast_head":"<!-- This site is optimized with the Yoast SEO plugin v26.1.1 - https:\/\/yoast.com\/wordpress\/plugins\/seo\/ -->\n<title>Etiketler - Cryptonews T\u00fcrk\u00e7e<\/title>\n<meta name=\"robots\" content=\"index, follow, max-snippet:-1, max-image-preview:large, max-video-preview:-1\" \/>\n<link rel=\"canonical\" href=\"https:\/\/cryptonews.com\/tr\/tags\/\" \/>\n<meta property=\"og:locale\" content=\"tr_TR\" \/>\n<meta property=\"og:type\" content=\"article\" \/>\n<meta property=\"og:title\" content=\"Etiketler - Cryptonews T\u00fcrk\u00e7e\" \/>\n<meta property=\"og:url\" content=\"https:\/\/cryptonews.com\/tr\/tags\/\" \/>\n<meta property=\"og:site_name\" content=\"Cryptonews T\u00fcrk\u00e7e\" \/>\n<meta property=\"og:image\" content=\"https:\/\/cryptonews.com\/wp-content\/uploads\/sites\/5\/2023\/09\/4.jpg\" \/>\n\t<meta property=\"og:image:width\" content=\"1669\" \/>\n\t<meta property=\"og:image:height\" content=\"874\" \/>\n\t<meta property=\"og:image:type\" content=\"image\/jpeg\" \/>\n<meta name=\"twitter:card\" content=\"summary_large_image\" \/>\n<meta name=\"twitter:image\" content=\"https:\/\/cimg.co\/p\/assets\/empty-cryptonews.jpg\" \/>\n<!-- \/ Yoast SEO plugin. -->","yoast_head_json":{"title":"Etiketler - Cryptonews T\u00fcrk\u00e7e","robots":{"index":"index","follow":"follow","max-snippet":"max-snippet:-1","max-image-preview":"max-image-preview:large","max-video-preview":"max-video-preview:-1"},"canonical":"https:\/\/cryptonews.com\/tr\/tags\/","og_locale":"tr_TR","og_type":"article","og_title":"Etiketler - Cryptonews T\u00fcrk\u00e7e","og_url":"https:\/\/cryptonews.com\/tr\/tags\/","og_site_name":"Cryptonews T\u00fcrk\u00e7e","og_image":[{"width":1669,"height":874,"url":"https:\/\/cryptonews.com\/wp-content\/uploads\/sites\/5\/2023\/09\/4.jpg","type":"image\/jpeg"}],"twitter_card":"summary_large_image","twitter_image":"https:\/\/cimg.co\/p\/assets\/empty-cryptonews.jpg","schema":{"@context":"https:\/\/schema.org","@graph":[{"@type":"WebPage","@id":"https:\/\/cryptonews.com\/tr\/tags\/","url":"https:\/\/cryptonews.com\/tr\/tags\/","name":"Etiketler - Cryptonews T\u00fcrk\u00e7e","isPartOf":{"@id":"https:\/\/cryptonews.com\/tr\/#website"},"datePublished":"2023-02-08T15:22:04+00:00","breadcrumb":{"@id":"https:\/\/cryptonews.com\/tr\/tags\/#breadcrumb"},"inLanguage":"tr-TR","potentialAction":[{"@type":"ReadAction","target":["https:\/\/cryptonews.com\/tr\/tags\/"]}],"author":[]},{"@type":"BreadcrumbList","@id":"https:\/\/cryptonews.com\/tr\/tags\/#breadcrumb","itemListElement":[{"@type":"ListItem","position":1,"name":"Ana Sayfa","item":"https:\/\/cryptonews.com\/tr\/"},{"@type":"ListItem","position":2,"name":"Etiketler"}]},{"@type":"WebSite","@id":"https:\/\/cryptonews.com\/tr\/#website","url":"https:\/\/cryptonews.com\/tr\/","name":"Cryptonews T\u00fcrk\u00e7e","description":"Cryptonews k\u00fcresel blockchain ve kripto para haberlerinin orijinal kapsam\u0131n\u0131, bildirilen g\u00f6r\u00fc\u015fleri, incelemeleri ve rehberleri sunmaktad\u0131r, genel halk\u0131n bu teknolojileri \u015fimdi ve gelecekte anlamas\u0131na ve ba\u015far\u0131l\u0131 bir \u015fekilde kullanmas\u0131na yard\u0131mc\u0131 olmak amac\u0131yla kriptoyu insanlara tan\u0131tmaktad\u0131r.","publisher":{"@id":"https:\/\/cryptonews.com\/tr\/#organization"},"potentialAction":[{"@type":"SearchAction","target":{"@type":"EntryPoint","urlTemplate":"https:\/\/cryptonews.com\/tr\/?s={search_term_string}"},"query-input":{"@type":"PropertyValueSpecification","valueRequired":true,"valueName":"search_term_string"}}],"inLanguage":"tr-TR"},{"@type":"Organization","@id":"https:\/\/cryptonews.com\/tr\/#organization","name":"Cryptonews","url":"https:\/\/cryptonews.com\/tr\/","logo":{"@type":"ImageObject","inLanguage":"tr-TR","@id":"https:\/\/cryptonews.com\/tr\/#\/schema\/logo\/image\/","url":"https:\/\/cryptonews.com\/wp-content\/uploads\/sites\/5\/2023\/09\/4.jpg","contentUrl":"https:\/\/cryptonews.com\/wp-content\/uploads\/sites\/5\/2023\/09\/4.jpg","width":1669,"height":874,"caption":"Cryptonews"},"image":{"@id":"https:\/\/cryptonews.com\/tr\/#\/schema\/logo\/image\/"}}]}},"_links":{"self":[{"href":"https:\/\/cryptonews.com\/tr\/wp-json\/wp\/v2\/pages\/38652","targetHints":{"allow":["GET"]}}],"collection":[{"href":"https:\/\/cryptonews.com\/tr\/wp-json\/wp\/v2\/pages"}],"about":[{"href":"https:\/\/cryptonews.com\/tr\/wp-json\/wp\/v2\/types\/page"}],"author":[{"embeddable":true,"href":"https:\/\/cryptonews.com\/tr\/wp-json\/wp\/v2\/users\/1"}],"replies":[{"embeddable":true,"href":"https:\/\/cryptonews.com\/tr\/wp-json\/wp\/v2\/comments?post=38652"}],"version-history":[{"count":0,"href":"https:\/\/cryptonews.com\/tr\/wp-json\/wp\/v2\/pages\/38652\/revisions"}],"wp:attachment":[{"href":"https:\/\/cryptonews.com\/tr\/wp-json\/wp\/v2\/media?parent=38652"}],"wp:term":[{"taxonomy":"type","embeddable":true,"href":"https:\/\/cryptonews.com\/tr\/wp-json\/wp\/v2\/1?post=38652"},{"taxonomy":"editors","embeddable":true,"href":"https:\/\/cryptonews.com\/tr\/wp-json\/wp\/v2\/editors?post=38652"}],"curies":[{"name":"wp","href":"https:\/\/api.w.org\/{rel}","templated":true}]}}