{"id":135836,"date":"2024-03-13T17:01:57","date_gmt":"2024-03-13T17:01:57","guid":{"rendered":"https:\/\/fr.cryptonews.com\/?page_id=135836\/"},"modified":"2024-04-16T12:13:35","modified_gmt":"2024-04-16T12:13:35","slug":"comment-creer-une-crypto-monnaie","status":"publish","type":"page","link":"https:\/\/cryptonews.com\/fr\/cryptomonnaie\/comment-creer-une-crypto-monnaie\/","title":{"rendered":"Puis-je cr\u00e9er ma propre crypto monnaie ?"},"content":{"rendered":"<p>Puis-je cr&eacute;er ma propre cryptomonnaie (actifs cryptographiques) ? Bien s&ucirc;r ! <strong>Vous n&#8217;avez m&ecirc;me pas besoin d&#8217;&ecirc;tre programmeur<\/strong> pour le faire. Il y a plusieurs plateformes de blockchains existantes qui expliquent comment cr&eacute;er une crypto monnaie. D&eacute;couvrons cela ensemble.<\/p><h2>Comment cr&eacute;er une crypto monnaie ?<\/h2><span class=\"replacer\"><\/span><p>Il y a<strong> plusieurs plateformes de blockchains existantes qui expliquent comment cr&eacute;er sa propre cryptomonnaie<\/strong>, que ce soit pour faire un community coin, pour s&#8217;amuser ou pour toutes autres raisons. Vous pouvez facilement &eacute;mettre votre propre pi&egrave;ce ou jeton via :<\/p><ul>\r\n<li>Ethereum<\/li>\r\n<li>EOS<\/li>\r\n<li>Waves<\/li>\r\n<li>BitShares<\/li>\r\n<li>NEM<\/li>\r\n<li>Komodo<\/li>\r\n<li>Nxt<\/li>\r\n<li>TRON<\/li>\r\n<li>IOTA<\/li>\r\n<li>NEO<\/li>\r\n<li>Cardano<\/li>\r\n<li>Qtum<\/li>\r\n<\/ul><h2>Que faut-il pour cr&eacute;er une crypto monnaie ?<\/h2><span class=\"replacer\"><\/span><p>Sur ces plateformes, pas grand chose. Ils rendent <strong>en effet la cr&eacute;ation d&#8217;une cryptomonnaie aussi simple que remplir un questionnaire sur internet<\/strong>. Vous devez indiquer votre nom, le nombre d&#8217;actifs cryptographiques &agrave; cr&eacute;er, quelques autres d&eacute;tails et c&#8217;est tout.<\/p><p>Sachez que si vous<strong> utilisez une blockchain &eacute;tablie et reconnue<\/strong>, votre cryptomonnaie sera plus s&eacute;curis&eacute;e et pourra b&eacute;n&eacute;ficier d&#8217;autres fonctionnalit&eacute;s int&eacute;gr&eacute;es. Si vous vous demandez <strong>comment cr&eacute;er votre propre cryptomonnaie depuis z&eacute;ro<\/strong>, il vous faudra construire au pr&eacute;alable votre propre blockchain, ce qui vous demandera beaucoup plus de travail, mais qui vous donnera &eacute;galement plus de libert&eacute; et de contr&ocirc;le sur votre cryptomonnaie et ce que vous allez pouvoir en faire.<\/p><p>Une fois que vous poss&eacute;dez une cryptomonnaie, il y a encore bien d&#8217;autres d&eacute;fis &agrave; relever. Ce qu&#8217;il y a de plus difficile,<strong> c&#8217;est de conserver votre cryptomonnaie<\/strong>, surtout si vous l&#8217;avez cr&eacute;&eacute;e vous-m&ecirc;me. Il faudra peut-&ecirc;tre continuer &agrave; faire de la programmation, construire un r&eacute;seau d&#8217;ordinateurs et investir en marketing afin de populariser votre cryptomonnaie et qu&#8217;elle soit utilis&eacute;e.<\/p><h2>Entreprises pouvant cr&eacute;er une cryptomonnaie pour vous<\/h2><span class=\"replacer\"><\/span><p>La demande croissante de services bas&eacute;s sur les cha&icirc;nes de blocs a provoqu&eacute;<strong> la croissance d&#8217;entreprises et de services qui cr&eacute;ent et maintiennent des blockchains pour d&#8217;autres<\/strong>. Ces entreprises sont appel&eacute;es entreprises de type &#8220;blockchain-as-a-service (BaaS)&#8221;. Elles offrent<strong> diverses solutions orient&eacute;es blockchain pour diff&eacute;rents besoins de l&#8217;entreprise<\/strong>.<\/p><p>Certains peuvent cr&eacute;er une blockchain sp&eacute;cialis&eacute;e pour vous, tandis que d&#8217;autres peuvent proposer leur propre infrastructure et des solutions connexes. <img decoding=\"async\" src=\"https:\/\/cimg.co\/w\/guides-attachments\/1\/5c9\/9e9c49fd05.png\" alt=\"IBM blockchain as a service create cryptocurrency\"> Parmi les entreprises BaaS les plus populaires, citons :<\/p><ul>\r\n<li>Amazon Web Services (AWS)<\/li>\r\n<li>Blockstream<\/li>\r\n<li>Chainzilla<\/li>\r\n<li>Fabricants de cha&Icirc;nes<\/li>\r\n<li>LeewayHertz<\/li>\r\n<li>Microsoft Azure<\/li>\r\n<li>Blockchain IBM<\/li>\r\n<\/ul><p>Si votre projet est s&eacute;rieux, pr&eacute;parez-vous &agrave; plus de d&eacute;fis. Maintenir un projet r&eacute;ussi est bien plus difficile que de le lancer. <strong>La maintenance peut n&eacute;cessiter davantage de codage<\/strong>, de travail d&#8217;&eacute;quipe, un r&eacute;seau d&#8217;ordinateurs et des investissements dans les ventes et le marketing si vous souhaitez que votre pi&egrave;ce soit connue et utilis&eacute;e. Pr&eacute;c&eacute;dent &#8211; <a href=\"https:\/\/cryptonews.com\/fr\/guides\/how-do-cryptocurrencies-differ\/\">En quoi les cryptomonnaies diff&egrave;rent-elles ? <\/a> Suivant &#8211; <a href=\"https:\/\/cryptonews.com\/fr\/guides\/what-is-an-ico\/\">C&#8217;est quoi une ICO ?<\/a> Si vous avez des suggestions &agrave; faire par rapport &agrave; cet article, <a href=\"https:\/\/cryptonews.com\/fr\/contact-us\/\">dites-le-nous ici<\/a>. Suivez nos liens d&#8217;affili&eacute;s pour : <strong>Acheter des cryptomonnaies<\/strong><\/p><ul>\r\n<li>Sur <a href=\"https:\/\/www.coinhouse.com\/r\/179207\">Coinhouse<\/a> (France, Belgique, Suisse).<\/li>\r\n<li>Sur <a href=\"https:\/\/rapi.cryptonews.com\/ext\/bitbuy\/fr\" rel=\" sponsored nofollow\">BitBuy<\/a> (Uniquement au Canada).<\/li>\r\n<li>Sur <a href=\"https:\/\/www.bcbitcoin.co.uk\/?ref=CryptoNewsFR\">BC Bitcoin<\/a> (Europe, Canada).<\/li>\r\n<li>Sur <a href=\"https:\/\/content.etoro.com\/lp\/new-crypto\/?dl=30002065&amp;culture=fr-fr&amp;utm_medium=Affiliate&amp;utm_source=80205&amp;utm_content=10545&amp;utm_serial=cn-fr&amp;utm_campaign=cn-fr&amp;utm_term=\">eToro<\/a> (Sauf au Canada).<\/li>\r\n<\/ul><p><em>L&#8217;investissement crypto est propos&eacute; par eToro (Europe) Ltd en tant que DASP, enregistr&eacute; aupr&egrave;s de l&#8217;AMF. L&rsquo;investissement dans les crypto-actifs est tr&egrave;s volatil. Aucune protection des consommateurs.<\/em><\/p><p><strong>S&eacute;curiser vos cryptomonnaies<\/strong><\/p><ul>\r\n<li>Portefeuille <a href=\"https:\/\/shop.ledger.com\/?r=12b53b98a1c0&amp;tracker=CN-FR\">Ledger<\/a>.<\/li>\r\n<li>Portefeuille <a href=\"https:\/\/cryptonews.com\/ext\/trezor\/\" rel=\" sponsored nofollow\">Trezor<\/a>.<\/li>\r\n<\/ul><p><strong>Payer toutes vos factures ou envoyer de l&#8217;argent vers votre banque<\/strong><\/p><ul>\r\n<li><a href=\"https:\/\/bylls.com\/signup?referralcode=4e4538be3e456adefeeb9544f1d5dbb9de98154111\">Bylls<\/a> (Disponible uniquement au Canada).<\/li>\r\n<\/ul>","protected":false},"excerpt":{"rendered":"<p>Puis-je cr&eacute;er ma propre cryptomonnaie (actifs cryptographiques) ? Bien s&ucirc;r ! Vous n&#8217;avez m&ecirc;me pas besoin d&#8217;&ecirc;tre programmeur pour le faire. Il y a plusieurs plateformes de blockchains existantes qui expliquent comment cr&eacute;er une crypto monnaie. D&eacute;couvrons cela ensemble.Comment cr&eacute;er une crypto monnaie ?Il y a plusieurs plateformes de blockchains existantes qui expliquent comment cr&eacute;er [&hellip;]<\/p>\n","protected":false},"author":270,"featured_media":128954,"parent":132124,"menu_order":0,"comment_status":"closed","ping_status":"closed","template":"new-page-template.php","meta":{"_acf_changed":false,"footnotes":""},"editors":[],"class_list":["post-135836","page","type-page","status-publish","has-post-thumbnail","hentry"],"acf":[],"yoast_head":"<!-- This site is optimized with the Yoast SEO plugin v26.1.1 - https:\/\/yoast.com\/wordpress\/plugins\/seo\/ -->\n<title>Comment cr\u00e9er une crypto-monnaie ? Guide d\u00e9butant<\/title>\n<meta name=\"description\" content=\"Comment cr\u00e9er une crypto monnaie ? C&#039;est simple, et vous n&#039;avez m\u00eame pas besoin d&#039;\u00eatre programmeur pour le faire. D\u00e9couvrons la proc\u00e9dure.\" \/>\n<meta name=\"robots\" content=\"index, follow, max-snippet:-1, max-image-preview:large, max-video-preview:-1\" \/>\n<link rel=\"canonical\" href=\"https:\/\/cryptonews.com\/fr\/cryptomonnaie\/comment-creer-une-crypto-monnaie\/\" \/>\n<meta property=\"og:locale\" content=\"fr_FR\" \/>\n<meta property=\"og:type\" content=\"article\" \/>\n<meta property=\"og:title\" content=\"Comment cr\u00e9er une crypto-monnaie ? Guide d\u00e9butant\" \/>\n<meta property=\"og:description\" content=\"Comment cr\u00e9er une crypto monnaie ? C&#039;est simple, et vous n&#039;avez m\u00eame pas besoin d&#039;\u00eatre programmeur pour le faire. D\u00e9couvrons la proc\u00e9dure.\" \/>\n<meta property=\"og:url\" content=\"https:\/\/cryptonews.com\/fr\/cryptomonnaie\/comment-creer-une-crypto-monnaie\/\" \/>\n<meta property=\"og:site_name\" content=\"Cryptonews France\" \/>\n<meta property=\"article:modified_time\" content=\"2024-04-16T12:13:35+00:00\" \/>\n<meta property=\"og:image\" content=\"https:\/\/cryptonews.com\/wp-content\/uploads\/sites\/3\/2024\/01\/Rapport-Document-crypto.jpg\" \/>\n\t<meta property=\"og:image:width\" content=\"1260\" \/>\n\t<meta property=\"og:image:height\" content=\"630\" \/>\n\t<meta property=\"og:image:type\" content=\"image\/jpeg\" \/>\n<meta name=\"twitter:card\" content=\"summary_large_image\" \/>\n<meta name=\"twitter:title\" content=\"Comment cr\u00e9er une crypto-monnaie ? Guide d\u00e9butant\" \/>\n<meta name=\"twitter:description\" content=\"Comment cr\u00e9er une crypto monnaie ? C&#039;est simple, et vous n&#039;avez m\u00eame pas besoin d&#039;\u00eatre programmeur pour le faire. D\u00e9couvrons la proc\u00e9dure.\" \/>\n<meta name=\"twitter:image\" content=\"https:\/\/cryptonews.com\/wp-content\/uploads\/sites\/3\/2024\/01\/Rapport-Document-crypto.jpg\" \/>\n<!-- \/ Yoast SEO plugin. -->","yoast_head_json":{"title":"Comment cr\u00e9er une crypto-monnaie ? Guide d\u00e9butant","description":"Comment cr\u00e9er une crypto monnaie ? C'est simple, et vous n'avez m\u00eame pas besoin d'\u00eatre programmeur pour le faire. D\u00e9couvrons la proc\u00e9dure.","robots":{"index":"index","follow":"follow","max-snippet":"max-snippet:-1","max-image-preview":"max-image-preview:large","max-video-preview":"max-video-preview:-1"},"canonical":"https:\/\/cryptonews.com\/fr\/cryptomonnaie\/comment-creer-une-crypto-monnaie\/","og_locale":"fr_FR","og_type":"article","og_title":"Comment cr\u00e9er une crypto-monnaie ? Guide d\u00e9butant","og_description":"Comment cr\u00e9er une crypto monnaie ? C'est simple, et vous n'avez m\u00eame pas besoin d'\u00eatre programmeur pour le faire. D\u00e9couvrons la proc\u00e9dure.","og_url":"https:\/\/cryptonews.com\/fr\/cryptomonnaie\/comment-creer-une-crypto-monnaie\/","og_site_name":"Cryptonews France","article_modified_time":"2024-04-16T12:13:35+00:00","og_image":[{"width":1260,"height":630,"url":"https:\/\/cryptonews.com\/wp-content\/uploads\/sites\/3\/2024\/01\/Rapport-Document-crypto.jpg","type":"image\/jpeg"}],"twitter_card":"summary_large_image","twitter_title":"Comment cr\u00e9er une crypto-monnaie ? Guide d\u00e9butant","twitter_description":"Comment cr\u00e9er une crypto monnaie ? C'est simple, et vous n'avez m\u00eame pas besoin d'\u00eatre programmeur pour le faire. D\u00e9couvrons la proc\u00e9dure.","twitter_image":"https:\/\/cryptonews.com\/wp-content\/uploads\/sites\/3\/2024\/01\/Rapport-Document-crypto.jpg","schema":{"@context":"https:\/\/schema.org","@graph":[{"@type":"WebPage","@id":"https:\/\/cryptonews.com\/fr\/cryptomonnaie\/comment-creer-une-crypto-monnaie\/","url":"https:\/\/cryptonews.com\/fr\/cryptomonnaie\/comment-creer-une-crypto-monnaie\/","name":"Comment cr\u00e9er une crypto-monnaie ? Guide d\u00e9butant","isPartOf":{"@id":"https:\/\/cryptonews.com\/fr\/#website"},"primaryImageOfPage":{"@id":"https:\/\/cryptonews.com\/fr\/cryptomonnaie\/comment-creer-une-crypto-monnaie\/#primaryimage"},"image":{"@id":"https:\/\/cryptonews.com\/fr\/cryptomonnaie\/comment-creer-une-crypto-monnaie\/#primaryimage"},"thumbnailUrl":"https:\/\/cryptonews.com\/wp-content\/uploads\/sites\/3\/2024\/01\/Rapport-Document-crypto.jpg","datePublished":"2024-03-13T17:01:57+00:00","dateModified":"2024-04-16T12:13:35+00:00","description":"Comment cr\u00e9er une crypto monnaie ? C'est simple, et vous n'avez m\u00eame pas besoin d'\u00eatre programmeur pour le faire. D\u00e9couvrons la proc\u00e9dure.","breadcrumb":{"@id":"https:\/\/cryptonews.com\/fr\/cryptomonnaie\/comment-creer-une-crypto-monnaie\/#breadcrumb"},"inLanguage":"fr-FR","potentialAction":[{"@type":"ReadAction","target":["https:\/\/cryptonews.com\/fr\/cryptomonnaie\/comment-creer-une-crypto-monnaie\/"]}],"author":[]},{"@type":"ImageObject","inLanguage":"fr-FR","@id":"https:\/\/cryptonews.com\/fr\/cryptomonnaie\/comment-creer-une-crypto-monnaie\/#primaryimage","url":"https:\/\/cryptonews.com\/wp-content\/uploads\/sites\/3\/2024\/01\/Rapport-Document-crypto.jpg","contentUrl":"https:\/\/cryptonews.com\/wp-content\/uploads\/sites\/3\/2024\/01\/Rapport-Document-crypto.jpg","width":1260,"height":630},{"@type":"BreadcrumbList","@id":"https:\/\/cryptonews.com\/fr\/cryptomonnaie\/comment-creer-une-crypto-monnaie\/#breadcrumb","itemListElement":[{"@type":"ListItem","position":1,"name":"Home","item":"https:\/\/cryptonews.com\/fr\/"},{"@type":"ListItem","position":2,"name":"Tous nos guides crypto-monnaie","item":"https:\/\/cryptonews.com\/fr\/cryptomonnaie\/"},{"@type":"ListItem","position":3,"name":"Puis-je cr\u00e9er ma propre crypto monnaie ?"}]},{"@type":"WebSite","@id":"https:\/\/cryptonews.com\/fr\/#website","url":"https:\/\/cryptonews.com\/fr\/","name":"Cryptonews","description":"","publisher":{"@id":"https:\/\/cryptonews.com\/fr\/#organization"},"potentialAction":[{"@type":"SearchAction","target":{"@type":"EntryPoint","urlTemplate":"https:\/\/cryptonews.com\/fr\/?s={search_term_string}"},"query-input":{"@type":"PropertyValueSpecification","valueRequired":true,"valueName":"search_term_string"}}],"inLanguage":"fr-FR"},{"@type":"Organization","@id":"https:\/\/cryptonews.com\/fr\/#organization","name":"Cryptonews France","url":"https:\/\/cryptonews.com\/fr\/","logo":{"@type":"ImageObject","inLanguage":"fr-FR","@id":"https:\/\/cryptonews.com\/fr\/#\/schema\/logo\/image\/","url":"https:\/\/cryptonews.com\/wp-content\/uploads\/sites\/3\/2023\/09\/4.jpg","contentUrl":"https:\/\/cryptonews.com\/wp-content\/uploads\/sites\/3\/2023\/09\/4.jpg","width":1669,"height":874,"caption":"Cryptonews France"},"image":{"@id":"https:\/\/cryptonews.com\/fr\/#\/schema\/logo\/image\/"}}]}},"_links":{"self":[{"href":"https:\/\/cryptonews.com\/fr\/wp-json\/wp\/v2\/pages\/135836","targetHints":{"allow":["GET"]}}],"collection":[{"href":"https:\/\/cryptonews.com\/fr\/wp-json\/wp\/v2\/pages"}],"about":[{"href":"https:\/\/cryptonews.com\/fr\/wp-json\/wp\/v2\/types\/page"}],"author":[{"embeddable":true,"href":"https:\/\/cryptonews.com\/fr\/wp-json\/wp\/v2\/users\/270"}],"replies":[{"embeddable":true,"href":"https:\/\/cryptonews.com\/fr\/wp-json\/wp\/v2\/comments?post=135836"}],"version-history":[{"count":7,"href":"https:\/\/cryptonews.com\/fr\/wp-json\/wp\/v2\/pages\/135836\/revisions"}],"predecessor-version":[{"id":145744,"href":"https:\/\/cryptonews.com\/fr\/wp-json\/wp\/v2\/pages\/135836\/revisions\/145744"}],"up":[{"embeddable":true,"href":"https:\/\/cryptonews.com\/fr\/wp-json\/wp\/v2\/pages\/132124"}],"wp:featuredmedia":[{"embeddable":true,"href":"https:\/\/cryptonews.com\/fr\/wp-json\/wp\/v2\/media\/128954"}],"wp:attachment":[{"href":"https:\/\/cryptonews.com\/fr\/wp-json\/wp\/v2\/media?parent=135836"}],"wp:term":[{"taxonomy":"type","embeddable":true,"href":"https:\/\/cryptonews.com\/fr\/wp-json\/wp\/v2\/1?post=135836"},{"taxonomy":"editors","embeddable":true,"href":"https:\/\/cryptonews.com\/fr\/wp-json\/wp\/v2\/editors?post=135836"}],"curies":[{"name":"wp","href":"https:\/\/api.w.org\/{rel}","templated":true}]}}