{"id":135822,"date":"2024-03-13T16:53:29","date_gmt":"2024-03-13T16:53:29","guid":{"rendered":"https:\/\/fr.cryptonews.com\/?page_id=135822\/"},"modified":"2024-03-13T16:53:29","modified_gmt":"2024-03-13T16:53:29","slug":"vendre-du-bitcoin","status":"publish","type":"page","link":"https:\/\/cryptonews.com\/fr\/cryptomonnaie\/vendre-du-bitcoin\/","title":{"rendered":"Comment vendre du Bitcoin (BTC)?"},"content":{"rendered":"<p>Une fois que vous aurez achet&eacute; du <strong>Bitcoin (BTC)<\/strong>, une questions logique se posera: comment les vendre? Ne vous inqui&eacute;tez-pas, ce guide est l&agrave; pour vous aider. Vous pouvez vendre des Bitcoins sur des plateformes en ligne de type pair-&agrave;-pair, mais&#8230; Comment vendre du Bitcoin? Si vous avez achet&eacute; ou re&ccedil;u des Bitcoins d&rsquo;une autre mani&egrave;re, vous vous demandez probablement comment les convertir en esp&egrave;ces. Bonnes nouvelles! C&#8217;est assez facile car il y a plusieurs fa&ccedil;ons de s&#8217;y prendre.<\/p><h2>Comment vendre du Bitcoin?<\/h2><span class=\"replacer\"><\/span><p>Vous pouvez vendre du Bitcoin en ligne via des &eacute;change ou des plateformes pair &agrave; pair et en rencontrant un acheteur en personne. Vous pouvez &eacute;galement le faire en utilisant un guichet automatique Bitcoin. En outre, la fa&ccedil;on de vendre Bitcoin dans diff&eacute;rentes juridictions d&eacute;pend &eacute;galement la <a href=\"https:\/\/cryptonews.com\/fr\/guides\/pays-bitcoin-interdit-legal\/\" target=\"_blank\" rel=\"noopener\">r&eacute;glementation locale assurez-vous de les v&eacute;rifier au pr&eacute;alable<\/a>! Les frais et le <strong>prix du Bitcoin<\/strong> seront diff&eacute;rents, tout comme les niveaux de s&eacute;curit&eacute;, de confidentialit&eacute; et de commodit&eacute;.<\/p><h3><strong>Vendre du Bitcoin sur un &eacute;change<\/strong><\/h3><p>La plupart des &eacute;changes fiat-crypto exigent que vous divulguiez votre identit&eacute; et payez des frais de transaction. Le moteur d&rsquo;appariement de l&rsquo;&eacute;change prend en charge votre ordre de vente &#8211; vous n&rsquo;aurez pas besoin de traiter directement avec un acheteur. Ces &eacute;changes comprennent:<\/p><ul>\r\n<li><a href=\"https:\/\/www.bcbitcoin.co.uk\/?ref=CryptoNewsFR\" target=\"_blank\" rel=\"noopener\">BC Bitcoin<\/a><\/li>\r\n<li><a href=\"https:\/\/www.coinhouse.com\/fr\/?utm_expid=.anIABzt2QZaJI9JohPltXg.0&amp;utm_referrer=https%3A%2F%2Ffr.cryptonews.com%2F\" target=\"_blank\" rel=\"noopener\">CoinHouse<\/a><\/li>\r\n<li><a href=\"https:\/\/zebitex.com\/\" target=\"_blank\" rel=\"noopener\">ZEBITEX<\/a><\/li>\r\n<li>Coinbase<\/li>\r\n<li><a href=\"https:\/\/cryptonews.com\/ext\/kraken\/\" target=\"_blank\" rel=\"noopener sponsored nofollow\">Kraken<\/a><\/li>\r\n<li><a href=\"https:\/\/cryptonews.com\/ext\/bitstamp\/\" target=\"_blank\" rel=\"noopener sponsored nofollow\">Bitstamp<\/a><\/li>\r\n<li><a href=\"https:\/\/cryptonews.com\/ext\/bitfinex\/\" target=\"_blank\" rel=\"noopener sponsored nofollow\">Bitfinex<\/a><\/li>\r\n<li><a href=\"https:\/\/old.changelly.com\/?ref_id=28os9ll34i4cl6r1\" target=\"_blank\" rel=\"noopener\">Changelly<\/a><\/li>\r\n<\/ul><p><a href=\"https:\/\/cryptonews.com\/reviews\/\" target=\"_blank\" rel=\"noopener\">Vous pouvez lire nos critiques des principaux &eacute;changes et comparer leurs taux ici.<\/a><\/p><h3><strong>Utilisation de plateformes pair &agrave; pair<\/strong><\/h3><p>Ici, vous pouvez &eacute;galement &ecirc;tre tenu de v&eacute;rifier votre identit&eacute; et, contrairement &agrave; un &eacute;change, vous devez rechercher vous-m&ecirc;me un acheteur. Des plateformes comme <a href=\"https:\/\/cryptonews.com\/ext\/localbitcoins\/\" target=\"_blank\" rel=\"noopener sponsored nofollow\">Localbitcoins.com<\/a> ou <a href=\"https:\/\/paxful.com\/fr?r=DgQ4n1XEJYJ\" target=\"_blank\" rel=\"noopener\">Paxful<\/a> peuvent vous aider &agrave; trouver un acheteur et &agrave; d&eacute;terminer le mode de paiement le plus appropri&eacute;. Ces plateformes peuvent &eacute;galement vous aider &agrave; trouver un acheteur si vous souhaitez vendre des Bitcoins en personne et obtenir de l&#8217;argent imm&eacute;diatement. Cependant, sachez que le prix que l&#8217;on obtient pour les Bitcoins lors de l&#8217;utilisation de ce type de plateforme peut &ecirc;tre inf&eacute;rieur &agrave; celui d&#8217;un &eacute;change. Dans le m&ecirc;me temps, les frais peuvent aussi &ecirc;tre moins &eacute;lev&eacute;s.<\/p><h3><strong>Vente de Bitcoins en personne pour du cash<\/strong><\/h3><p>La r&eacute;ponse &agrave; la question de savoir comment vendre des bitcoins est d&eacute;licate si vous recherchez un anonymat complet. Vous pouvez trouver un acheteur local sur les plateformes peer-to-peer mentionn&eacute;es ci-dessus, telles que LocalBitcoins ou Paxful ou en allant &agrave; des Meetups Bitcoin par exemple, entre passionn&eacute;s. Les plateformes fournissent g&eacute;n&eacute;ralement les commentaires des autres utilisateurs sur les acheteurs, ce qui vous aide &agrave; d&eacute;terminer s&rsquo;ils sont dignes de confiance et qu&rsquo;ils peuvent &ecirc;tre rencontr&eacute;s en toute s&eacute;curit&eacute;. Lorsque vous vous rencontrez, la vente est r&eacute;alis&eacute;e en scannant un code QR sur le t&eacute;l&eacute;phone et en acceptant les paiements en esp&egrave;ces.<\/p><h3><strong>Vente de Bitcoin au comptant &agrave; un guichet automatique<\/strong><\/h3><p>Des sites tels que Coinatmradar.com vous permettent de v&eacute;rifier s&rsquo;il y a un distributeur automatique de billets Bitcoin &agrave; proximit&eacute; que vous pouvez utiliser pour &eacute;changer de la monnaie num&eacute;rique en argent. Les frais ici peuvent atteindre jusqu&#8217;&agrave; 7%, ce qui est cher par rapport aux autres m&eacute;thodes de vente de Bitcoins.<\/p><figure class=\"image\"><img decoding=\"async\" src=\"https:\/\/cimg.co\/w\/guides-attachments\/1\/5ca\/ad4c04fb64.png\" alt=\"how to sell bitcoin btc atm\"><\/figure><p>Les distributeurs automatiques de billets Bitcoin aux &Eacute;tats-Unis. Source: CoinATMradar.com Ce sont les diff&eacute;rentes options sur la fa&ccedil;on de convertir vos Bitcoins en devise fiat de votre choix. La plupart de ces options fonctionnent si vous voulez <a href=\"https:\/\/cryptonews.com\/fr\/guides\/how-to-buy-bitcoins\/\" target=\"_blank\" rel=\"noopener\">acheter &eacute;galement Bitcoin<\/a>. Enfin, Bitcoin est une devise mondiale. Vous pouvez donc &eacute;changer votre BTC contre des biens et services moyennant un nombre croissant de d&eacute;taillants du monde entier. Consultez nos autres guides pour plus d&#8217;informations ainsi que pour des r&eacute;ponses plus sp&eacute;cifiques &agrave; des questions telles que <a href=\"https:\/\/cryptonews.com\/guides\/how-to-buy-and-sell-bitcoin-in-uk\/\" target=\"_blank\" rel=\"noopener\">Comment acheter des BTC au Royaume-Unis<\/a>&rdquo; <i>Lire aussi: <\/i> <a href=\"https:\/\/cryptonews.com\/fr\/guides\/how-to-choose-a-bitcoin-wallet\/\" target=\"_blank\" rel=\"noopener\"><i>Comment choisir un portefeuille Bitcoin?<\/i><\/a> <a href=\"https:\/\/cryptonews.com\/fr\/guides\/how-to-choose-an-exchange\/\" target=\"_blank\" rel=\"noopener\"><i>Comment choisir une plateforme d&#8217;&eacute;change?<\/i><\/a><\/p><h3><strong>Suivez nos liens d&#8217;affili&eacute;s:<\/strong><\/h3><ul>\r\n<li><strong>Pour acheter des cryptomonnaies en Zone SEPA, Europe et citoyens fran&ccedil;ais<\/strong>, visitez <a href=\"https:\/\/www.coinhouse.com\/r\/179207\" target=\"_blank\" rel=\"noopener\">Coinhouse<\/a><\/li>\r\n<li><strong>Pour acheter des cryptomonnaies au Canada<\/strong>, visitez <a href=\"https:\/\/rapi.cryptonews.com\/ext\/bitbuy\/fr\" target=\"_blank\" rel=\"noopener sponsored nofollow\">Bitbuy<\/a><\/li>\r\n<li><strong>Pour g&eacute;n&eacute;rer des int&eacute;r&ecirc;ts gr&acirc;ce &agrave; vos bitcoins<\/strong>, allez sur le site de <a href=\"https:\/\/blockfi.mxuy67.net\/kqG6x\" target=\"_blank\" rel=\"noopener\">BlockFi<\/a><\/li>\r\n<li><strong>Pour s&eacute;curiser ou stocker vos cryptomonnaies<\/strong>, procurez-vous les portefeuilles <a href=\"https:\/\/shop.ledger.com\/?r=12b53b98a1c0&amp;tracker=CN-FR\" target=\"_blank\" rel=\"noopener\">Ledger<\/a> ou <a href=\"https:\/\/shop.trezor.io\/?offer_id=82&amp;aff_id=1814\" target=\"_blank\" rel=\"noopener\">Trezor<\/a><\/li>\r\n<li><strong>Pour transiger vos cryptos de fa&ccedil;on anonyme<\/strong>, installez l&#8217;application <a href=\"https:\/\/go.nordvpn.net\/aff_c?offer_id=252&amp;aff_id=54152&amp;url_id=14818\" target=\"_blank\" rel=\"noopener\">NordVPN<\/a><\/li>\r\n<\/ul><p><strong>Pour investir dans le minage de cryptomonnaies ou les masternodes:<\/strong><\/p><ul>\r\n<li><a href=\"https:\/\/feel-mining.com\/?tracking=1ED831AFAB\" target=\"_blank\" rel=\"noopener\">Feel Mining<\/a><\/li>\r\n<li><a href=\"https:\/\/www.just-mining.com\/register?sponsor=aNJ7nRa0m3qvgi6LkMXAZX506\" target=\"_blank\" rel=\"noopener\">Just Mining<\/a><\/li>\r\n<\/ul><p><strong>Pour accumuler des cryptos en jouant :<\/strong><\/p><ul>\r\n<li>Au poker sur la plateforme de jeux <a href=\"https:\/\/coinpoker.com\/crypto\" target=\"_blank\" rel=\"noopener\">CoinPoker<\/a><\/li>\r\n<li>&Agrave; un fantasy football mondial sur la plateforme <a href=\"https:\/\/sorare.pxf.io\/c\/2102999\/902742\/12209\" target=\"_blank\" rel=\"noopener\">Sorare<\/a><\/li>\r\n<\/ul><p>Restez inform&eacute; gr&acirc;ce &agrave; <a href=\"https:\/\/www.getrevue.co\/profile\/CryptonewsFR\" target=\"_blank\" rel=\"noopener\"><strong>notre newsletter hebdomadaire gratuite<\/strong><\/a> et &agrave; nos r&eacute;seaux sociaux:<\/p><ul>\r\n<li><a href=\"https:\/\/twitter.com\/cryptonews_FR\" target=\"_blank\" rel=\"noopener\"><strong>Twitter<\/strong><\/a><strong> <\/strong><\/li>\r\n<li><a href=\"https:\/\/t.me\/cryptonews_FR\" target=\"_blank\" rel=\"noopener\"><strong>Telegram<\/strong><\/a><\/li>\r\n<li><a href=\"https:\/\/www.linkedin.com\/company\/11745115\" target=\"_blank\" rel=\"noopener\"><strong>LinkedIn<\/strong><\/a><\/li>\r\n<\/ul>","protected":false},"excerpt":{"rendered":"<p>Une fois que vous aurez achet&eacute; du Bitcoin (BTC), une questions logique se posera: comment les vendre? Ne vous inqui&eacute;tez-pas, ce guide est l&agrave; pour vous aider. Vous pouvez vendre des Bitcoins sur des plateformes en ligne de type pair-&agrave;-pair, mais&#8230; Comment vendre du Bitcoin? Si vous avez achet&eacute; ou re&ccedil;u des Bitcoins d&rsquo;une autre [&hellip;]<\/p>\n","protected":false},"author":270,"featured_media":135825,"parent":132124,"menu_order":0,"comment_status":"closed","ping_status":"closed","template":"new-page-template.php","meta":{"_acf_changed":false,"footnotes":""},"editors":[],"class_list":["post-135822","page","type-page","status-publish","has-post-thumbnail","hentry"],"acf":[],"yoast_head":"<!-- This site is optimized with the Yoast SEO plugin v26.1.1 - https:\/\/yoast.com\/wordpress\/plugins\/seo\/ -->\n<title>Comment Vendre du Bitcoin ? | Notre Guide 2026<\/title>\n<meta name=\"description\" content=\"D\u00e9couvrez les diff\u00e9rentes fa\u00e7ons de vendre du Bitcoin en 2026 ! Guide et comparatif des diff\u00e9rentes m\u00e9thodes pour vendre simplement du BTC\" \/>\n<meta name=\"robots\" content=\"index, follow, max-snippet:-1, max-image-preview:large, max-video-preview:-1\" \/>\n<link rel=\"canonical\" href=\"https:\/\/cryptonews.com\/fr\/cryptomonnaie\/vendre-du-bitcoin\/\" \/>\n<meta property=\"og:locale\" content=\"fr_FR\" \/>\n<meta property=\"og:type\" content=\"article\" \/>\n<meta property=\"og:title\" content=\"Comment Vendre du Bitcoin ? | Notre Guide 2026\" \/>\n<meta property=\"og:description\" content=\"D\u00e9couvrez les diff\u00e9rentes fa\u00e7ons de vendre du Bitcoin en 2026 ! Guide et comparatif des diff\u00e9rentes m\u00e9thodes pour vendre simplement du BTC\" \/>\n<meta property=\"og:url\" content=\"https:\/\/cryptonews.com\/fr\/cryptomonnaie\/vendre-du-bitcoin\/\" \/>\n<meta property=\"og:site_name\" content=\"Cryptonews France\" \/>\n<meta property=\"og:image\" content=\"https:\/\/cimg.co\/wp-content\/uploads\/sites\/3\/2024\/03\/13164717\/1710348437-vendre-bitcoin.jpg\" \/>\n\t<meta property=\"og:image:width\" content=\"1200\" \/>\n\t<meta property=\"og:image:height\" content=\"800\" \/>\n\t<meta property=\"og:image:type\" content=\"image\/jpeg\" \/>\n<meta name=\"twitter:card\" content=\"summary_large_image\" \/>\n<meta name=\"twitter:title\" content=\"Comment Vendre du Bitcoin ? | Notre Guide 2026\" \/>\n<meta name=\"twitter:description\" content=\"D\u00e9couvrez les diff\u00e9rentes fa\u00e7ons de vendre du Bitcoin en %%currentyear%% ! Guide et comparatif des diff\u00e9rentes m\u00e9thodes pour vendre simplement du BTC\" \/>\n<meta name=\"twitter:image\" content=\"https:\/\/cimg.co\/wp-content\/uploads\/sites\/3\/2024\/03\/13164717\/1710348437-vendre-bitcoin.jpg\" \/>\n<!-- \/ Yoast SEO plugin. -->","yoast_head_json":{"title":"Comment Vendre du Bitcoin ? | Notre Guide 2026","description":"D\u00e9couvrez les diff\u00e9rentes fa\u00e7ons de vendre du Bitcoin en 2026 ! Guide et comparatif des diff\u00e9rentes m\u00e9thodes pour vendre simplement du BTC","robots":{"index":"index","follow":"follow","max-snippet":"max-snippet:-1","max-image-preview":"max-image-preview:large","max-video-preview":"max-video-preview:-1"},"canonical":"https:\/\/cryptonews.com\/fr\/cryptomonnaie\/vendre-du-bitcoin\/","og_locale":"fr_FR","og_type":"article","og_title":"Comment Vendre du Bitcoin ? | Notre Guide 2026","og_description":"D\u00e9couvrez les diff\u00e9rentes fa\u00e7ons de vendre du Bitcoin en 2026 ! Guide et comparatif des diff\u00e9rentes m\u00e9thodes pour vendre simplement du BTC","og_url":"https:\/\/cryptonews.com\/fr\/cryptomonnaie\/vendre-du-bitcoin\/","og_site_name":"Cryptonews France","og_image":[{"width":1200,"height":800,"url":"https:\/\/cimg.co\/wp-content\/uploads\/sites\/3\/2024\/03\/13164717\/1710348437-vendre-bitcoin.jpg","type":"image\/jpeg"}],"twitter_card":"summary_large_image","twitter_title":"Comment Vendre du Bitcoin ? | Notre Guide 2026","twitter_description":"D\u00e9couvrez les diff\u00e9rentes fa\u00e7ons de vendre du Bitcoin en %%currentyear%% ! Guide et comparatif des diff\u00e9rentes m\u00e9thodes pour vendre simplement du BTC","twitter_image":"https:\/\/cimg.co\/wp-content\/uploads\/sites\/3\/2024\/03\/13164717\/1710348437-vendre-bitcoin.jpg","schema":{"@context":"https:\/\/schema.org","@graph":[{"@type":"WebPage","@id":"https:\/\/cryptonews.com\/fr\/cryptomonnaie\/vendre-du-bitcoin\/","url":"https:\/\/cryptonews.com\/fr\/cryptomonnaie\/vendre-du-bitcoin\/","name":"Comment Vendre du Bitcoin ? | Notre Guide 2026","isPartOf":{"@id":"https:\/\/cryptonews.com\/fr\/#website"},"primaryImageOfPage":{"@id":"https:\/\/cryptonews.com\/fr\/cryptomonnaie\/vendre-du-bitcoin\/#primaryimage"},"image":{"@id":"https:\/\/cryptonews.com\/fr\/cryptomonnaie\/vendre-du-bitcoin\/#primaryimage"},"thumbnailUrl":"https:\/\/cimg.co\/wp-content\/uploads\/sites\/3\/2024\/03\/13164717\/1710348437-vendre-bitcoin.jpg","datePublished":"2024-03-13T16:53:29+00:00","description":"D\u00e9couvrez les diff\u00e9rentes fa\u00e7ons de vendre du Bitcoin en 2026 ! Guide et comparatif des diff\u00e9rentes m\u00e9thodes pour vendre simplement du BTC","breadcrumb":{"@id":"https:\/\/cryptonews.com\/fr\/cryptomonnaie\/vendre-du-bitcoin\/#breadcrumb"},"inLanguage":"fr-FR","potentialAction":[{"@type":"ReadAction","target":["https:\/\/cryptonews.com\/fr\/cryptomonnaie\/vendre-du-bitcoin\/"]}],"author":[]},{"@type":"ImageObject","inLanguage":"fr-FR","@id":"https:\/\/cryptonews.com\/fr\/cryptomonnaie\/vendre-du-bitcoin\/#primaryimage","url":"https:\/\/cimg.co\/wp-content\/uploads\/sites\/3\/2024\/03\/13164717\/1710348437-vendre-bitcoin.jpg","contentUrl":"https:\/\/cimg.co\/wp-content\/uploads\/sites\/3\/2024\/03\/13164717\/1710348437-vendre-bitcoin.jpg","width":1200,"height":800,"caption":"vendre bitcoin"},{"@type":"BreadcrumbList","@id":"https:\/\/cryptonews.com\/fr\/cryptomonnaie\/vendre-du-bitcoin\/#breadcrumb","itemListElement":[{"@type":"ListItem","position":1,"name":"Home","item":"https:\/\/cryptonews.com\/fr\/"},{"@type":"ListItem","position":2,"name":"Tous nos guides crypto-monnaie","item":"https:\/\/cryptonews.com\/fr\/cryptomonnaie\/"},{"@type":"ListItem","position":3,"name":"Comment vendre du Bitcoin (BTC)?"}]},{"@type":"WebSite","@id":"https:\/\/cryptonews.com\/fr\/#website","url":"https:\/\/cryptonews.com\/fr\/","name":"Cryptonews","description":"","publisher":{"@id":"https:\/\/cryptonews.com\/fr\/#organization"},"potentialAction":[{"@type":"SearchAction","target":{"@type":"EntryPoint","urlTemplate":"https:\/\/cryptonews.com\/fr\/?s={search_term_string}"},"query-input":{"@type":"PropertyValueSpecification","valueRequired":true,"valueName":"search_term_string"}}],"inLanguage":"fr-FR"},{"@type":"Organization","@id":"https:\/\/cryptonews.com\/fr\/#organization","name":"Cryptonews France","url":"https:\/\/cryptonews.com\/fr\/","logo":{"@type":"ImageObject","inLanguage":"fr-FR","@id":"https:\/\/cryptonews.com\/fr\/#\/schema\/logo\/image\/","url":"https:\/\/cryptonews.com\/wp-content\/uploads\/sites\/3\/2023\/09\/4.jpg","contentUrl":"https:\/\/cryptonews.com\/wp-content\/uploads\/sites\/3\/2023\/09\/4.jpg","width":1669,"height":874,"caption":"Cryptonews France"},"image":{"@id":"https:\/\/cryptonews.com\/fr\/#\/schema\/logo\/image\/"}}]}},"_links":{"self":[{"href":"https:\/\/cryptonews.com\/fr\/wp-json\/wp\/v2\/pages\/135822","targetHints":{"allow":["GET"]}}],"collection":[{"href":"https:\/\/cryptonews.com\/fr\/wp-json\/wp\/v2\/pages"}],"about":[{"href":"https:\/\/cryptonews.com\/fr\/wp-json\/wp\/v2\/types\/page"}],"author":[{"embeddable":true,"href":"https:\/\/cryptonews.com\/fr\/wp-json\/wp\/v2\/users\/270"}],"replies":[{"embeddable":true,"href":"https:\/\/cryptonews.com\/fr\/wp-json\/wp\/v2\/comments?post=135822"}],"version-history":[{"count":7,"href":"https:\/\/cryptonews.com\/fr\/wp-json\/wp\/v2\/pages\/135822\/revisions"}],"predecessor-version":[{"id":151367,"href":"https:\/\/cryptonews.com\/fr\/wp-json\/wp\/v2\/pages\/135822\/revisions\/151367"}],"up":[{"embeddable":true,"href":"https:\/\/cryptonews.com\/fr\/wp-json\/wp\/v2\/pages\/132124"}],"wp:featuredmedia":[{"embeddable":true,"href":"https:\/\/cryptonews.com\/fr\/wp-json\/wp\/v2\/media\/135825"}],"wp:attachment":[{"href":"https:\/\/cryptonews.com\/fr\/wp-json\/wp\/v2\/media?parent=135822"}],"wp:term":[{"taxonomy":"type","embeddable":true,"href":"https:\/\/cryptonews.com\/fr\/wp-json\/wp\/v2\/1?post=135822"},{"taxonomy":"editors","embeddable":true,"href":"https:\/\/cryptonews.com\/fr\/wp-json\/wp\/v2\/editors?post=135822"}],"curies":[{"name":"wp","href":"https:\/\/api.w.org\/{rel}","templated":true}]}}