{"id":135791,"date":"2024-03-13T16:35:38","date_gmt":"2024-03-13T16:35:38","guid":{"rendered":"https:\/\/fr.cryptonews.com\/?page_id=135791\/"},"modified":"2025-03-18T13:35:10","modified_gmt":"2025-03-18T13:35:10","slug":"differences-bitcoin-argent-traditionnel","status":"publish","type":"page","link":"https:\/\/cryptonews.com\/fr\/cryptomonnaie\/differences-bitcoin-argent-traditionnel\/","title":{"rendered":"Diff\u00e9rences entre le Bitcoin et l\u2019argent traditionnel"},"content":{"rendered":"<p>La relation entre Bitcoin et les monnaies traditionnelles est complexe. <strong>Bitcoin cherche \u00e0 changer la mani\u00e8re traditionnelle d&#8217;utiliser l&#8217;argent<\/strong>, donc Bitcoin par rapport \u00e0 l&#8217;argent traditionnel est une opposition naturelle. Cet article d\u00e9crit les principales diff\u00e9rences entre les deux.<\/p><h2>Caract\u00e9ristiques de l&#8217;argent<\/h2><span class=\"replacer\"><\/span><p>Au cours de l&#8217;histoire de l&#8217;humanit\u00e9, <strong>l&#8217;argent a pris de nombreuses formes<\/strong>. Il y avait le troc, des objets physiques tels que des pierres ou des coquillages, des m\u00e9taux pr\u00e9cieux, des billets de banque, de la monnaie num\u00e9rique, et enfin des monnaies num\u00e9riques d\u00e9centralis\u00e9es telles que le Bitcoin. Au fil du temps, les gens ont remarqu\u00e9 les caract\u00e9ristiques les plus souhaitables que l&#8217;argent devrait avoir. Pour \u00eatre utile et pratique, <strong>la monnaie devrait \u00eatre<\/strong> :<\/p><ul>\r\n<li><strong>Echange<\/strong> : facilement transf\u00e9rable.<\/li>\r\n<li><strong>S\u00e9curis\u00e9e<\/strong> : elle ne peut pas \u00eatre contrefaite.<\/li>\r\n<li><strong>Portable<\/strong> : elle peut \u00eatre facilement transport\u00e9e.<\/li>\r\n<li><strong>Rare<\/strong> : elle ne peut pas \u00eatre infiniment r\u00e9pliqu\u00e9e.<\/li>\r\n<li><strong>Fongible<\/strong> : chaque unit\u00e9 a la m\u00eame valeur que les autres.<\/li>\r\n<li><strong>Reconnaissable<\/strong> : elle est reconnue et accept\u00e9e comme moyen de transaction.<\/li>\r\n<li><strong>Non consommable<\/strong> : elle ne peut \u00eatre utilis\u00e9e que dans le cadre de l&#8217;\u00e9change de valeur.<\/li>\r\n<li><strong>Durable<\/strong> : elle ne s&#8217;use pas et ne se d\u00e9pr\u00e9cie pas avec le temps ou dans certaines conditions.<\/li>\r\n<li><strong>Divisible<\/strong> : elle peut \u00eatre transform\u00e9e en \u00e9l\u00e9ments plus petits pour certaines utilisations, comme le paiement d&#8217;un montant sp\u00e9cifique ou les micro-paiements.<\/li>\r\n<\/ul><p><img decoding=\"async\" src=\"https:\/\/cimg.co\/w\/guides-attachments\/1\/5c8\/f4ab7110d7.png\" alt=\"difference between bitcoin and traditional currencies\">La principale diff\u00e9rence entre Bitcoin et les monnaies traditionnelles r\u00e9side dans le fait que <strong>personne ne contr\u00f4le Bitcoin car il est d\u00e9centralis\u00e9<\/strong>. Cela permet \u00e0 Bitcoin d&#8217;\u00eatre un syst\u00e8me d&#8217;argent pair \u00e0 pair ind\u00e9pendant, fonctionnant ind\u00e9pendamment des souhaits de chacun. Il repose sur la puissance de calcul combin\u00e9e des participants du r\u00e9seau, qui sont tous \u00e9gaux &#8211; personne n&#8217;est plus ou moins important que les autres. De plus, cela permet de <strong>r\u00e9duire les co\u00fbts d&#8217;utilisation du syst\u00e8me<\/strong> en \u00e9liminant id\u00e9alement les frais et les d\u00e9lais de transaction, deux \u00e9l\u00e9ments indispensables pour maintenir les banques en activit\u00e9. Personne ne peut influencer votre argent et les transactions que vous envoyez ou recevez. En revanche, les monnaies fiduciaires reposent sur <strong>des entit\u00e9s centralis\u00e9es <\/strong>telles que les banques centrales, les banques commerciales, les gouvernements, les processeurs de paiement tels que VISA ou Mastercard. Chacune de ces organisations a <strong>le pouvoir d&#8217;approuver vos transactions<\/strong>, d&#8217;envoyer de l&#8217;argent \u00e0 certaines personnes ou organisations, ou de d\u00e9terminer si l&#8217;argent que vous utilisez est l\u00e9gal ou non. Ces processus incluent \u00e9galement une surveillance approfondie et le partage de donn\u00e9es sur toutes vos activit\u00e9s financi\u00e8res. Une autre diff\u00e9rence significative est que contrairement aux monnaies fiduciaires, Bitcoin est souverain. <strong>Il n&#8217;est li\u00e9 \u00e0 aucune situation politique ou \u00e9conomique<\/strong> et peut exister ind\u00e9pendamment du syst\u00e8me traditionnel. Enfin, <strong>Bitcoin introduit une nouvelle dimension de programmabilit\u00e9<\/strong>. Cela signifie qu&#8217;\u00e0 l&#8217;avenir, les transactions Bitcoin pourront \u00eatre attach\u00e9es \u00e0 des contrats intelligents ou \u00e0 d&#8217;autres programmes qui ne s&#8217;ex\u00e9cutent que lorsque certaines conditions sont remplies. Une telle fonctionnalit\u00e9 permettrait de d\u00e9velopper des solutions suppl\u00e9mentaires sur la base de Bitcoin, telles que des syst\u00e8mes de gestion de la r\u00e9putation ou des contrats d&#8217;assurance. Ces contrats ne n\u00e9cessiteraient <strong>aucune intervention d&#8217;un tiers pour \u00eatre ex\u00e9cut\u00e9s<\/strong>. Il introduit essentiellement une nouvelle dimension dans le concept de l&#8217;argent traditionnel.<\/p><h2>Mais Bitcoin n&#8217;est soutenu par rien?<\/h2><span class=\"replacer\"><\/span><p>Lorsqu&#8217;on leur demande en quoi Bitcoin diff\u00e8re du dollar, la plupart des gens vous diront que c&#8217;est parce que Bitcoin n&#8217;est pas soutenu par rien. <strong>Ce n&#8217;est pas tout \u00e0 fait vrai<\/strong> : alors que Bitcoin n&#8217;a en effet rien de physique pour le soutenir, le dollar non plus. Historiquement, jusqu&#8217;en 1971, la plupart des monnaies \u00e9taient adoss\u00e9es \u00e0 une marchandise, g\u00e9n\u00e9ralement de l&#8217;or ou de l&#8217;argent. <strong>Ce n&#8217;est plus le cas<\/strong>. De plus, l&#8217;argument selon lequel chaque bitcoin est couvert par la quantit\u00e9 d&#8217;\u00e9lectricit\u00e9 utilis\u00e9e lors de son extraction est tout \u00e0 fait envisageable. En r\u00e9sum\u00e9, <strong>contrairement aux monnaies traditionnelles<\/strong>, Bitcoin :<\/p><ul>\r\n<li>N&#8217;a pas d&#8217;autorit\u00e9 centrale.<\/li>\r\n<li>Chaque transaction est toujours enregistr\u00e9e dans un grand livre public immuable.<\/li>\r\n<li>Est sujet \u00e0 la d\u00e9flation en raison d&#8217;une p\u00e9nurie artificielle, alors que les banques centrales peuvent imprimer plus d&#8217;argent \u00e0 tout moment.<\/li>\r\n<li>Les transactions sont effectu\u00e9es sur Internet et incluent des adresses publiques, tandis que les transactions en esp\u00e8ces sont anonymes et ne laissent aucune trace.<\/li>\r\n<li>Requiert le paiement de frais de transaction aux mineurs, ce qui revient au m\u00eame que de payer des taxes au gouvernement, sauf que les taxes peuvent \u00eatre \u00e9vit\u00e9es alors qu&#8217;il est impossible de r\u00e9aliser un transfert sans payer de frais sur la blockchain.<\/li>\r\n<\/ul><p>Beaucoup de gens disent que <strong>Bitcoin est la prochaine \u00e9tape dans l&#8217;\u00e9volution de l&#8217;argent<\/strong>. Comme nous n&#8217;avons jamais eu d&#8217;argent comme Bitcoin auparavant, il est normal de remettre en question le concept et de le comparer aux monnaies traditionnelles. Si tout va bien, vous connaissez maintenant les principales diff\u00e9rences entre Bitcoin et l&#8217;argent conventionnel. Si vous avez aim\u00e9 cet article, n&#8217;oubliez pas de le partager avec vos amis. Suivez nos liens d&#8217;affili\u00e9s pour : <strong>Acheter des cryptomonnaies<\/strong><\/p><ul>\r\n<li>Sur <a href=\"https:\/\/www.coinhouse.com\/r\/179207\">Coinhouse<\/a> (France, Belgique, Suisse).<\/li>\r\n<li>Sur <a href=\"https:\/\/rapi.cryptonews.com\/ext\/bitbuy\/fr\" rel=\" sponsored nofollow\">BitBuy<\/a> (Uniquement au Canada).<\/li>\r\n<li>Sur <a href=\"https:\/\/www.bcbitcoin.co.uk\/?ref=CryptoNewsFR\">BC Bitcoin<\/a> (Europe, Canada).<\/li>\r\n<li>Sur <a href=\"https:\/\/content.etoro.com\/lp\/new-crypto\/?dl=30002065&#038;culture=fr-fr&#038;utm_medium=Affiliate&#038;utm_source=80205&#038;utm_content=10545&#038;utm_serial=cn-fr&#038;utm_campaign=cn-fr&#038;utm_term=\">eToro<\/a> (Sauf au Canada).<\/li>\r\n<\/ul><p><em>L&#8217;investissement crypto est propos\u00e9 par eToro (Europe) Ltd en tant que DASP, enregistr\u00e9 aupr\u00e8s de l&#8217;AMF. L\u2019investissement dans les crypto-actifs est tr\u00e8s volatil. Aucune protection des consommateurs.<\/em><\/p><p><strong>S\u00e9curiser vos cryptomonnaies<\/strong><\/p><ul>\r\n<li>Portefeuille <a href=\"https:\/\/shop.ledger.com\/?r=12b53b98a1c0&#038;tracker=CN-FR\">Ledger<\/a>.<\/li>\r\n<li>Portefeuille <a href=\"https:\/\/cryptonews.com\/ext\/trezor\/\" rel=\" sponsored nofollow\">Trezor<\/a>.<\/li>\r\n<\/ul><p><strong>Payer toutes vos factures ou envoyer de l&#8217;argent vers votre banque<\/strong><\/p><ul>\r\n<li><a href=\"https:\/\/bylls.com\/signup?referralcode=4e4538be3e456adefeeb9544f1d5dbb9de98154111\">Bylls<\/a> (Disponible uniquement au Canada).<\/li>\r\n<\/ul><p><i>Si vous avez des suggestions \u00e0 faire par rapport \u00e0 cet article, <\/i><a href=\"https:\/\/cryptonews.com\/fr\/contact-us\/\"><i>dites-le-nous ici<\/i><\/a><i>.<\/i><\/p><p> <\/p>","protected":false},"excerpt":{"rendered":"<p>La relation entre Bitcoin et les monnaies traditionnelles est complexe. Bitcoin cherche \u00e0 changer la mani\u00e8re traditionnelle d&#8217;utiliser l&#8217;argent, donc Bitcoin par rapport \u00e0 l&#8217;argent traditionnel est une opposition naturelle. Cet article d\u00e9crit les principales diff\u00e9rences entre les deux.Caract\u00e9ristiques de l&#8217;argentAu cours de l&#8217;histoire de l&#8217;humanit\u00e9, l&#8217;argent a pris de nombreuses formes. Il y avait [&hellip;]<\/p>\n","protected":false},"author":270,"featured_media":129233,"parent":132124,"menu_order":0,"comment_status":"closed","ping_status":"closed","template":"new-page-template.php","meta":{"_acf_changed":false,"footnotes":""},"editors":[],"class_list":["post-135791","page","type-page","status-publish","has-post-thumbnail","hentry"],"acf":[],"yoast_head":"<!-- This site is optimized with the Yoast SEO plugin v26.1.1 - https:\/\/yoast.com\/wordpress\/plugins\/seo\/ -->\n<title>Bitcoin vs argent traditionnel : quelles diff\u00e9rences ?<\/title>\n<meta name=\"description\" content=\"La relation entre Bitcoin et les monnaies traditionnelles est complexe. Bitcoin cherche \u00e0 r\u00e9volutionner la mani\u00e8re d&#039;utiliser l&#039;argent...\" \/>\n<meta name=\"robots\" content=\"index, follow, max-snippet:-1, max-image-preview:large, max-video-preview:-1\" \/>\n<link rel=\"canonical\" href=\"https:\/\/cryptonews.com\/fr\/cryptomonnaie\/differences-bitcoin-argent-traditionnel\/\" \/>\n<meta property=\"og:locale\" content=\"fr_FR\" \/>\n<meta property=\"og:type\" content=\"article\" \/>\n<meta property=\"og:title\" content=\"Bitcoin vs argent traditionnel : quelles diff\u00e9rences ?\" \/>\n<meta property=\"og:description\" content=\"La relation entre Bitcoin et les monnaies traditionnelles est complexe. Bitcoin cherche \u00e0 r\u00e9volutionner la mani\u00e8re d&#039;utiliser l&#039;argent...\" \/>\n<meta property=\"og:url\" content=\"https:\/\/cryptonews.com\/fr\/cryptomonnaie\/differences-bitcoin-argent-traditionnel\/\" \/>\n<meta property=\"og:site_name\" content=\"Cryptonews France\" \/>\n<meta property=\"article:modified_time\" content=\"2025-03-18T13:35:10+00:00\" \/>\n<meta property=\"og:image\" content=\"https:\/\/cryptonews.com\/wp-content\/uploads\/sites\/3\/2024\/01\/Bitcoin-tokens-1.jpg\" \/>\n\t<meta property=\"og:image:width\" content=\"1260\" \/>\n\t<meta property=\"og:image:height\" content=\"630\" \/>\n\t<meta property=\"og:image:type\" content=\"image\/jpeg\" \/>\n<meta name=\"twitter:card\" content=\"summary_large_image\" \/>\n<meta name=\"twitter:title\" content=\"Bitcoin vs argent traditionnel : quelles diff\u00e9rences ?\" \/>\n<meta name=\"twitter:description\" content=\"La relation entre Bitcoin et les monnaies traditionnelles est complexe. Bitcoin cherche \u00e0 r\u00e9volutionner la mani\u00e8re d&#039;utiliser l&#039;argent...\" \/>\n<meta name=\"twitter:image\" content=\"https:\/\/cryptonews.com\/wp-content\/uploads\/sites\/3\/2024\/01\/Bitcoin-tokens-1.jpg\" \/>\n<!-- \/ Yoast SEO plugin. -->","yoast_head_json":{"title":"Bitcoin vs argent traditionnel : quelles diff\u00e9rences ?","description":"La relation entre Bitcoin et les monnaies traditionnelles est complexe. Bitcoin cherche \u00e0 r\u00e9volutionner la mani\u00e8re d'utiliser l'argent...","robots":{"index":"index","follow":"follow","max-snippet":"max-snippet:-1","max-image-preview":"max-image-preview:large","max-video-preview":"max-video-preview:-1"},"canonical":"https:\/\/cryptonews.com\/fr\/cryptomonnaie\/differences-bitcoin-argent-traditionnel\/","og_locale":"fr_FR","og_type":"article","og_title":"Bitcoin vs argent traditionnel : quelles diff\u00e9rences ?","og_description":"La relation entre Bitcoin et les monnaies traditionnelles est complexe. Bitcoin cherche \u00e0 r\u00e9volutionner la mani\u00e8re d'utiliser l'argent...","og_url":"https:\/\/cryptonews.com\/fr\/cryptomonnaie\/differences-bitcoin-argent-traditionnel\/","og_site_name":"Cryptonews France","article_modified_time":"2025-03-18T13:35:10+00:00","og_image":[{"width":1260,"height":630,"url":"https:\/\/cryptonews.com\/wp-content\/uploads\/sites\/3\/2024\/01\/Bitcoin-tokens-1.jpg","type":"image\/jpeg"}],"twitter_card":"summary_large_image","twitter_title":"Bitcoin vs argent traditionnel : quelles diff\u00e9rences ?","twitter_description":"La relation entre Bitcoin et les monnaies traditionnelles est complexe. Bitcoin cherche \u00e0 r\u00e9volutionner la mani\u00e8re d'utiliser l'argent...","twitter_image":"https:\/\/cryptonews.com\/wp-content\/uploads\/sites\/3\/2024\/01\/Bitcoin-tokens-1.jpg","schema":{"@context":"https:\/\/schema.org","@graph":[{"@type":"WebPage","@id":"https:\/\/cryptonews.com\/fr\/cryptomonnaie\/differences-bitcoin-argent-traditionnel\/","url":"https:\/\/cryptonews.com\/fr\/cryptomonnaie\/differences-bitcoin-argent-traditionnel\/","name":"Bitcoin vs argent traditionnel : quelles diff\u00e9rences ?","isPartOf":{"@id":"https:\/\/cryptonews.com\/fr\/#website"},"primaryImageOfPage":{"@id":"https:\/\/cryptonews.com\/fr\/cryptomonnaie\/differences-bitcoin-argent-traditionnel\/#primaryimage"},"image":{"@id":"https:\/\/cryptonews.com\/fr\/cryptomonnaie\/differences-bitcoin-argent-traditionnel\/#primaryimage"},"thumbnailUrl":"https:\/\/cryptonews.com\/wp-content\/uploads\/sites\/3\/2024\/01\/Bitcoin-tokens-1.jpg","datePublished":"2024-03-13T16:35:38+00:00","dateModified":"2025-03-18T13:35:10+00:00","description":"La relation entre Bitcoin et les monnaies traditionnelles est complexe. Bitcoin cherche \u00e0 r\u00e9volutionner la mani\u00e8re d'utiliser l'argent...","breadcrumb":{"@id":"https:\/\/cryptonews.com\/fr\/cryptomonnaie\/differences-bitcoin-argent-traditionnel\/#breadcrumb"},"inLanguage":"fr-FR","potentialAction":[{"@type":"ReadAction","target":["https:\/\/cryptonews.com\/fr\/cryptomonnaie\/differences-bitcoin-argent-traditionnel\/"]}],"author":[]},{"@type":"ImageObject","inLanguage":"fr-FR","@id":"https:\/\/cryptonews.com\/fr\/cryptomonnaie\/differences-bitcoin-argent-traditionnel\/#primaryimage","url":"https:\/\/cryptonews.com\/wp-content\/uploads\/sites\/3\/2024\/01\/Bitcoin-tokens-1.jpg","contentUrl":"https:\/\/cryptonews.com\/wp-content\/uploads\/sites\/3\/2024\/01\/Bitcoin-tokens-1.jpg","width":1260,"height":630},{"@type":"BreadcrumbList","@id":"https:\/\/cryptonews.com\/fr\/cryptomonnaie\/differences-bitcoin-argent-traditionnel\/#breadcrumb","itemListElement":[{"@type":"ListItem","position":1,"name":"Home","item":"https:\/\/cryptonews.com\/fr\/"},{"@type":"ListItem","position":2,"name":"Tous nos guides crypto-monnaie","item":"https:\/\/cryptonews.com\/fr\/cryptomonnaie\/"},{"@type":"ListItem","position":3,"name":"Diff\u00e9rences entre le Bitcoin et l\u2019argent traditionnel"}]},{"@type":"WebSite","@id":"https:\/\/cryptonews.com\/fr\/#website","url":"https:\/\/cryptonews.com\/fr\/","name":"Cryptonews","description":"","publisher":{"@id":"https:\/\/cryptonews.com\/fr\/#organization"},"potentialAction":[{"@type":"SearchAction","target":{"@type":"EntryPoint","urlTemplate":"https:\/\/cryptonews.com\/fr\/?s={search_term_string}"},"query-input":{"@type":"PropertyValueSpecification","valueRequired":true,"valueName":"search_term_string"}}],"inLanguage":"fr-FR"},{"@type":"Organization","@id":"https:\/\/cryptonews.com\/fr\/#organization","name":"Cryptonews France","url":"https:\/\/cryptonews.com\/fr\/","logo":{"@type":"ImageObject","inLanguage":"fr-FR","@id":"https:\/\/cryptonews.com\/fr\/#\/schema\/logo\/image\/","url":"https:\/\/cryptonews.com\/wp-content\/uploads\/sites\/3\/2023\/09\/4.jpg","contentUrl":"https:\/\/cryptonews.com\/wp-content\/uploads\/sites\/3\/2023\/09\/4.jpg","width":1669,"height":874,"caption":"Cryptonews France"},"image":{"@id":"https:\/\/cryptonews.com\/fr\/#\/schema\/logo\/image\/"}}]}},"_links":{"self":[{"href":"https:\/\/cryptonews.com\/fr\/wp-json\/wp\/v2\/pages\/135791","targetHints":{"allow":["GET"]}}],"collection":[{"href":"https:\/\/cryptonews.com\/fr\/wp-json\/wp\/v2\/pages"}],"about":[{"href":"https:\/\/cryptonews.com\/fr\/wp-json\/wp\/v2\/types\/page"}],"author":[{"embeddable":true,"href":"https:\/\/cryptonews.com\/fr\/wp-json\/wp\/v2\/users\/270"}],"replies":[{"embeddable":true,"href":"https:\/\/cryptonews.com\/fr\/wp-json\/wp\/v2\/comments?post=135791"}],"version-history":[{"count":7,"href":"https:\/\/cryptonews.com\/fr\/wp-json\/wp\/v2\/pages\/135791\/revisions"}],"predecessor-version":[{"id":153678,"href":"https:\/\/cryptonews.com\/fr\/wp-json\/wp\/v2\/pages\/135791\/revisions\/153678"}],"up":[{"embeddable":true,"href":"https:\/\/cryptonews.com\/fr\/wp-json\/wp\/v2\/pages\/132124"}],"wp:featuredmedia":[{"embeddable":true,"href":"https:\/\/cryptonews.com\/fr\/wp-json\/wp\/v2\/media\/129233"}],"wp:attachment":[{"href":"https:\/\/cryptonews.com\/fr\/wp-json\/wp\/v2\/media?parent=135791"}],"wp:term":[{"taxonomy":"type","embeddable":true,"href":"https:\/\/cryptonews.com\/fr\/wp-json\/wp\/v2\/1?post=135791"},{"taxonomy":"editors","embeddable":true,"href":"https:\/\/cryptonews.com\/fr\/wp-json\/wp\/v2\/editors?post=135791"}],"curies":[{"name":"wp","href":"https:\/\/api.w.org\/{rel}","templated":true}]}}