{"id":154807,"date":"2024-08-20T13:57:17","date_gmt":"2024-08-20T10:57:17","guid":{"rendered":"https:\/\/cryptonews.com\/fi\/?page_id=154807\/"},"modified":"2025-02-07T11:39:58","modified_gmt":"2025-02-07T08:39:58","slug":"onko-bitcoinin-kaytto-turvallista","status":"publish","type":"page","link":"https:\/\/cryptonews.com\/fi\/akatemia\/onko-bitcoinin-kaytto-turvallista\/","title":{"rendered":"Onko Bitcoinin k\u00e4ytt\u00f6 turvallista? &#8211; Lue laaja opas 2026"},"content":{"rendered":"<p><img loading=\"lazy\" decoding=\"async\" class=\"aligncenter wp-image-154809 size-full\" src=\"https:\/\/cryptonews.com\/wp-content\/uploads\/sites\/17\/2024\/08\/1724053291-onko-bitcoinin-kaytto-turvallista.jpg\" alt=\"\" width=\"1200\" height=\"600\" srcset=\"https:\/\/cimg.co\/wp-content\/uploads\/sites\/17\/2024\/08\/19104131\/1724053291-onko-bitcoinin-kaytto-turvallista.jpg 1200w, https:\/\/cimg.co\/wp-content\/uploads\/sites\/17\/2024\/08\/19104131\/1724053291-onko-bitcoinin-kaytto-turvallista-300x150.jpg 300w, https:\/\/cimg.co\/wp-content\/uploads\/sites\/17\/2024\/08\/19104131\/1724053291-onko-bitcoinin-kaytto-turvallista-1024x512.jpg 1024w, https:\/\/cimg.co\/wp-content\/uploads\/sites\/17\/2024\/08\/19104131\/1724053291-onko-bitcoinin-kaytto-turvallista-768x384.jpg 768w, https:\/\/cimg.co\/wp-content\/uploads\/sites\/17\/2024\/08\/19104131\/1724053291-onko-bitcoinin-kaytto-turvallista-450x225.jpg 450w\" sizes=\"auto, (max-width: 1200px) 100vw, 1200px\"> Monet varmasti pohtivat kysymyst\u00e4 siit\u00e4, <strong>onko Bitcoinin k\u00e4ytt\u00f6 turvallista? <\/strong>Jos ollaan ihan rehellisi\u00e4, niin suurin osa ihmisist\u00e4 pit\u00e4\u00e4 Bitcoinia edelleen myyttisen\u00e4 Pandoran lippaana, joka kannen avatessa p\u00e4\u00e4st\u00e4\u00e4 ilmoille varkaita, rahanpesij\u00f6it\u00e4, huijareita, terroristeja ja muita pahimman laatuisia ihmisi\u00e4.<\/p><p>Jos kuitenkin katsomme myyttien ja fantasiamaailman ohi, t\u00e4llaiset lausunnot tulee hyvin \u00e4kki\u00e4 todettua t\u00e4ysin v\u00e4\u00e4riksi ja harhaanjohtaviksi.<\/p><h2>Onko Bitcoin turvallinen k\u00e4ytt\u00e4\u00e4?<\/h2><span class=\"replacer\"><\/span><p>Kryptovaluuttojen tunkeutuessa yh\u00e4 syvemm\u00e4lle normikuluttajien arkiel\u00e4m\u00e4\u00e4n moni miettii, voiko hajautettuun tietoverkkoon luottaa omien rahojen saralla? Toisaalta voisimme my\u00f6s kysy\u00e4, onko Yhdysvaltain dollarin tai euron k\u00e4ytt\u00f6 turvallista.<\/p><p>Kuten mink\u00e4 tahansa muunkin rahan kanssa, Bitcoin-k\u00e4ytt\u00e4jien on ymm\u00e4rrett\u00e4v\u00e4 tiettyj\u00e4 asioita, joiden my\u00f6t\u00e4 he pystyv\u00e4t pit\u00e4m\u00e4\u00e4n rahansa mahdollisimman turvassa. T\u00e4ss\u00e4 oppaassa perehdymme kuluttajan oman vastuun lis\u00e4ksi my\u00f6s Bitcoinin itsens\u00e4 tarjoamiin turvallisuusominaisuuksiin. Tuhannet ohjelmoijat kehitt\u00e4v\u00e4t Bitcoin-verkkoa p\u00e4ivitt\u00e4in, ja useimmiten ilmaiseksi vapaa-ajallaan.<\/p><p>N\u00e4in siksi, ett\u00e4 se on avoimen l\u00e4hdekoodin yhteis\u00f6vetoinen projekti, joka edustaa henkil\u00f6kohtaista vapautta ja taloudellista osallisuutta, jota perinteinen rahoitusj\u00e4rjestelm\u00e4 ei tarjoa. Lohkoketjuteknologia tai Bitcoin eiv\u00e4t ole viel\u00e4 t\u00e4ydellisi\u00e4, mutta ne paranevat ja kehittyv\u00e4t p\u00e4iv\u00e4 p\u00e4iv\u00e4lt\u00e4, mik\u00e4 on n\u00e4kynyt my\u00f6s <a href=\"https:\/\/cryptonews.com\/fi\/guides\/bitcoin-kurssiennuste\/\">Bitcoinin kurssissa<\/a>. Vastaus kysymykseen &#8220;Onko Bitcoinin k\u00e4ytt\u00f6 turvallista&#8221; on sin\u00e4ll\u00e4\u00e4n kyll\u00e4, mutta se riippuu my\u00f6s siit\u00e4, kuinka hyvin pystyt itse hallitsemaan omaa tietoturvaasi.<\/p><p>Kymmenen vuoden historiansa aikana Bitcoin on oikein k\u00e4ytettyn\u00e4 ja s\u00e4ilytettyn\u00e4 osoittautunut luotettavaksi ja k\u00e4ytt\u00f6kelpoiseksi rahoitusv\u00e4lineeksi, arvonsa hyvin s\u00e4ilytt\u00e4v\u00e4ksi sijoituskohteeksi, saavutettavissa olevaksi omaisuudeksi, sek\u00e4 turvalliseksi k\u00e4ytt\u00e4\u00e4 rajattomissa vertaisrahansiirroissa.<\/p><p>Protokolla itsess\u00e4\u00e4n on tarpeeksi tukeva est\u00e4\u00e4kseen kaikkein kehittyneimm\u00e4tkin hy\u00f6kk\u00e4ykset, ja suurin osa Bitcoin-hakkerointiin liittyvist\u00e4 huonoista uutisista koskee kolmannen osapuolen palveluntarjoajia, kuten keskitettyj\u00e4 p\u00f6rssej\u00e4, lompakkokehitt\u00e4ji\u00e4 tai sijoittajia, jotka ovat kadottaneet yksityiset avaimensa, ei Bitcoinin verkkoa.<\/p><p><a href=\"https:\/\/cryptonews.com\/fi\/guides\/miksi-bitcoinilla-on-arvoa\/\">Lue my\u00f6s miksi Bitcoinilla on arvoa.<\/a><\/p><p>Tottakai, kuten kaikkien muidenkin rahatyyppien kanssa, Bitcoin-k\u00e4ytt\u00e4jien on oltava tietoisia tietyist\u00e4 asioista, jos he haluavat suojella omaisuuttaan. N\u00e4it\u00e4 ovat Bitcoinin hintavaihtelut, kryptovaluuttojen turvallinen varastointi, turvattomien kolmannen osapuolen palveluiden k\u00e4ytt\u00f6 ja kyberturvallisuusuhat, kuten hakkerointi. <img loading=\"lazy\" decoding=\"async\" class=\"alignnone wp-image-108963 size-full lazyload\" src=\"https:\/\/cimg.co\/p\/no_image.svg\" alt=\"Bitcoinin k\u00e4ytt\u00f6\u00f6notto yrityksess\u00e4\" width=\"1920\" height=\"1080\" sizes=\"auto, (max-width: 1920px) 100vw, 1920px\" data-src=\"https:\/\/cryptonews.com\/wp-content\/uploads\/sites\/17\/2023\/11\/1699611009-bitmoney.jpg\" data-srcset=\"https:\/\/cryptonews.com\/fi\/wp-content\/uploads\/sites\/17\/2023\/11\/1699611009-bitmoney.jpg 1920w, https:\/\/cryptonews.com\/fi\/wp-content\/uploads\/sites\/17\/2023\/11\/1699611009-bitmoney-300x169.jpg 300w, https:\/\/cryptonews.com\/fi\/wp-content\/uploads\/sites\/17\/2023\/11\/1699611009-bitmoney-1024x576.jpg 1024w, https:\/\/cryptonews.com\/fi\/wp-content\/uploads\/sites\/17\/2023\/11\/1699611009-bitmoney-768x432.jpg 768w, https:\/\/cryptonews.com\/fi\/wp-content\/uploads\/sites\/17\/2023\/11\/1699611009-bitmoney-1536x864.jpg 1536w\"> Samaan syssyyn voitaisiin my\u00f6s pohtia, onko turvallista k\u00e4ytt\u00e4\u00e4 dollareita ja muita perinteisi\u00e4 rahoitusv\u00e4lineit\u00e4, sill\u00e4 suurin osa rahanpesusta ja muusta ilke\u00e4st\u00e4 toiminnasta tehd\u00e4\u00e4n edelleen perinteisell\u00e4 rahalla perinteisten pankkien kautta.<\/p><p>Perinteiset rahoitusj\u00e4rjestelm\u00e4t ovat osoittautuneet alttiiksi talouskuplille ja kriiseille, ja hallituksen tukema raha pyrkii merkitt\u00e4v\u00e4sti devalvoitumaan ajan my\u00f6t\u00e4. N\u00e4in ollen Bitcoinin k\u00e4ytt\u00f6 on verrattain turvallista, varsinkin jos olet valmis ottamaan vastuun omien varojesi suojaamisesta harteillesi.<\/p><p>Ja koska teknologia on viel\u00e4 kehitysvaiheessa, sen k\u00e4sittelyn oppiminen vaatii k\u00e4ytt\u00e4j\u00e4lt\u00e4 hieman aikaa ja vaivaa. Joten kuinka k\u00e4sittelet Bitcoinejasi turvallisesti? Bitcoin on laajasti sijoitusv\u00e4lineen\u00e4 suosittu instrumentti ja lukuisat julkisuudesta tutut henkil\u00f6t kuten <a href=\"https:\/\/cryptonews.com\/fi\/exclusives\/elon-musk-henkilokuva\/\">Elon Musk<\/a>, ovat julkisesti kertoneet sijoittaneensa kyseiseen virtuaalivaluuttaan.<\/p><p>My\u00f6s esimerkki koomikko <strong>Trevor Noah<\/strong>, <a href=\"https:\/\/cryptonews.com\/fi\/news\/trevor-noah-bitcoin\/\">kertoi<\/a> haastattelussaan katuvansa ettei alussa sijoittanut Bitcoiniin.<\/p><h2>Kuinka suojata Bitcoinisi?<\/h2><span class=\"replacer\"><\/span><p>N\u00e4m\u00e4 ovat t\u00e4rkeit\u00e4 vaiheita, jotka tulee ottaa huomioon, kun mietit, onko Bitcoinin k\u00e4ytt\u00f6 turvallista. Pid\u00e4 huolta, ett\u00e4 noudatat parhaita Bitcoin-tietoturvak\u00e4yt\u00e4nt\u00f6j\u00e4:<\/p><h3>Bitcoinien s\u00e4ilytt\u00e4minen<\/h3><p>S\u00e4\u00e4nt\u00f6 numero yksi on pit\u00e4\u00e4 hyv\u00e4\u00e4 huolta salaisesta &#8220;yksityisest\u00e4 avaimestasi&#8221;, joka on salasana, jolla p\u00e4\u00e4set kryptolompaakkoosi. Kryptolompakko tulee olla jokaisella kryptosijoittajalla esimerkiksi Bitcoinien k\u00e4ytt\u00f6\u00e4 varten.<\/p><p>Jos yksityinen avain on suojattu eik\u00e4 kukaan muu p\u00e4\u00e4se k\u00e4siksi siihen, Bitcoinisi ovat turvassa. Muista kuitenkin, ett\u00e4 jos kadotat yksityisen avaimesi, et edes itse p\u00e4\u00e4se k\u00e4ytt\u00e4m\u00e4\u00e4n varojasi. Pid\u00e4 se siis hyv\u00e4ss\u00e4 tallessa.<\/p><p>Valitse luotettava lompakko, joka sopii sinulle, sill\u00e4 se toimii sek\u00e4 pankkitilin\u00e4, johon voit tallettaa varoja, ett\u00e4 alustana, jonka kautta p\u00e4\u00e4set k\u00e4ytt\u00e4m\u00e4\u00e4n varojasi. Varat voidaan tallentaa sek\u00e4 online- ett\u00e4 offline-tilaan. Suosituimmat ja kaikkein turvallisimmat lompakkovaihtoehdot ovat Ledger ja Trezor, jotka pit\u00e4v\u00e4t Bitcoinisi offline-tilassa.<\/p><div class=\"su-note\" style=\"border-color:#e0d5e5;border-radius:3px;-moz-border-radius:3px;-webkit-border-radius:3px;\"><div class=\"su-note-inner su-u-clearfix su-u-trim\" style=\"background-color:#faefff;border-color:#ffffff;color:#333333;border-radius:3px;-moz-border-radius:3px;-webkit-border-radius:3px;\"> Lue lis\u00e4\u00e4 2026 <a href=\"https:\/\/cryptonews.com\/fi\/guides\/paras-kylmalompakko-10-suosituinta\/\">parhaista kylm\u00e4lompakoista<\/a> sivuiltamme. Suomalaisten suosimia kylm\u00e4lompakoita kryptojen s\u00e4ilytt\u00e4miseen ovat esimerkiksi <strong>Ledger Nano S Plus<\/strong> sek\u00e4 <strong>ELLIPAL <\/strong>-br\u00e4ndin tuotteet.\r\n<ol>\r\n<li><strong><u>Ledger Nano S Plus<\/u><\/strong> \u2014 Suosittu kryptovaluuttojen s\u00e4ilytyssovellus tukee yli 5 500 eri kolikkoa ja tokenia. Sovellukseen liittyv\u00e4 kumppaniohjelma mahdollistaa kolikoiden ostamisen luottokortilla, niiden siirt\u00e4misen sek\u00e4 passiivisen tulon ansaitsemisen. panostamisen kautta. Kaikki t\u00e4m\u00e4 tapahtuu korkean tason Ledger-turvallisuuden varmistamana.<\/li>\r\n<li><strong>ELLIPAL Titan kylm\u00e4lompakko<\/strong> \u2014 Yksi alan tunnetuimmista kylm\u00e4lompakoista on suunniteltu erityisen kest\u00e4v\u00e4ksi, siin\u00e4 on t\u00e4ysmetallinen kansi, ilmarako ja itsetuhoamisteknologia, joka takaa t\u00e4yden suojan laitteen mahdollisessa manipuloinnissa.<\/li>\r\n<li><strong>SecuX V20<\/strong> \u2014 K\u00e4yt\u00e4nn\u00f6llinen kylm\u00e4lompakko tarjoaa v\u00e4rikk\u00e4\u00e4n kosketusn\u00e4yt\u00f6n, Bluetooth-yhteyden ja tuen yli 10 000 eri kolikolle ja tokenille.<\/li>\r\n<\/ol>\r\n<\/div><\/div><h3>Vaihtaminen ja kuluttaminen<\/h3><p>Kun kulutat tai vaihdat Bitcoinejasi, on t\u00e4rke\u00e4\u00e4 valita luotettavimmat ja turvallisimmat palvelut, joissa t\u00e4t\u00e4 kaikkea harjoittaa. Jos joudut petoksen uhriksi k\u00e4ytt\u00e4m\u00e4ll\u00e4 perinteist\u00e4 pankkikorttia, lait ja m\u00e4\u00e4r\u00e4ykset voivat auttaa sinua saamaan varasi takaisin.<\/p><p>Bitcoinille t\u00e4llaista suojaa ei ole viel\u00e4 olemassa. Muista my\u00f6s, ett\u00e4 Bitcoineilla tehtyj\u00e4 maksuja ei voida peruuttaa \u2013 kun <a href=\"https:\/\/cryptonews.com\/fi\/guides\/missa-bitcoin-kay\/\">maksat BTC:ll\u00e4<\/a>, rahat ovat menneet. Jos teet virheen \u2013 sanotaan vaikka, ett\u00e4 maksat 222,2 USD 22,22 USD:n sijasta tai l\u00e4het\u00e4t Bitcoinit v\u00e4\u00e4r\u00e4\u00e4n osoitteeseen \u2013 voit luottaa vain vastaanottajan hyv\u00e4\u00e4n tahtoon saadaksesi rahasi takaisin.<\/p><h3>Anonymiteettiongelmat<\/h3><p>Olet ehk\u00e4 kuullut Bitcoin-k\u00e4ytt\u00e4jien anonymiteetist\u00e4. No, se on vain osittain totta. Vaikka jokainen voi seurata mit\u00e4 tahansa kryptolompakkoa ja sen sis\u00e4lt\u00f6\u00e4 verkossa, he eiv\u00e4t pysty tunnistamaan lompakon omistajaa. Bitcoin-lompakot ja -tapahtumat eiv\u00e4t paljasta mit\u00e4\u00e4n henkil\u00f6tietoja tai henkil\u00f6llisyyteen liittyvi\u00e4 asioita. Mutta on kuitenkin olemassa vaihtoehtoisia tapoja selvitt\u00e4\u00e4 omistajan henkil\u00f6llisyys.<\/p><p>Sinua saatetaan esimerkiksi vaatia paljastamaan henkil\u00f6llisyytesi rekister\u00f6ityess\u00e4si keskitettyyn kryptovaluuttap\u00f6rssiin. Hajautetuissa p\u00f6rsseiss\u00e4 t\u00e4t\u00e4 ei vaadita. N\u00e4in kaikki keskitetyss\u00e4 p\u00f6rssiss\u00e4 tekem\u00e4si tapahtumat voidaan j\u00e4ljitt\u00e4\u00e4 lompakkoosi.<\/p><p>T\u00e4lt\u00e4 v\u00e4ltty\u00e4ksesi, ja jos tarvitset vahvempaa yksityisyytt\u00e4, voi k\u00e4ytt\u00e4\u00e4 TOR-selainta ja muita tietosuojaratkaisuja. On my\u00f6s monia yksityisyytt\u00e4 korostavia Bitcoin-lompakoita, kuten my\u00f6s muita kryptovaluuttoja, joissa on integroituja yksityisyys- ja nimett\u00f6myysominaisuuksia, kuten Dash, Monero ja Zcash. <img loading=\"lazy\" decoding=\"async\" class=\"alignnone wp-image-115302 size-full lazyload\" src=\"https:\/\/cimg.co\/p\/no_image.svg\" alt=\"\" width=\"1200\" height=\"675\" sizes=\"auto, (max-width: 1200px) 100vw, 1200px\" data-src=\"https:\/\/cryptonews.com\/wp-content\/uploads\/sites\/17\/2024\/01\/1703655522-hacker.jpg\" data-srcset=\"https:\/\/cryptonews.com\/fi\/wp-content\/uploads\/sites\/17\/2024\/01\/1703655522-hacker.jpg 1200w, https:\/\/cryptonews.com\/fi\/wp-content\/uploads\/sites\/17\/2024\/01\/1703655522-hacker-300x169.jpg 300w, https:\/\/cryptonews.com\/fi\/wp-content\/uploads\/sites\/17\/2024\/01\/1703655522-hacker-1024x576.jpg 1024w, https:\/\/cryptonews.com\/fi\/wp-content\/uploads\/sites\/17\/2024\/01\/1703655522-hacker-768x432.jpg 768w\"><\/p><h3>Hakkerointi<\/h3><p>Moni, joka miettii onko Bitcoinin k\u00e4ytt\u00f6 turvallista, keskittyy usein hakkerointeihin. Koska teknologia on viel\u00e4 kehitysvaiheessa, hakkeroinneista uutisoidaan muutaman kerran vuodessa. Teoriassa riski hy\u00f6kk\u00e4yksest\u00e4 Bitcoin-lohkoketjua vastaan on 51 prosentin luokkaa.<\/p><p>Eli jos ryhm\u00e4 Bitcoin-louhijoita hallitsisi v\u00e4hint\u00e4\u00e4n 51 prosenttia Bitcoin-lohkoketjun hajautusvoimasta, he voisivat mahdollisesti kumota useita uusimpia tapahtumia Bitcoinin verkossa. Itse asiassa, vuonna 2014 oli hetki, jolloin kaivospooli Ghash.io oli l\u00e4hell\u00e4 saada haltuunsa 51% koko Bitcoin-verkostosta.<\/p><p>Mutta sitten jotkut poolin j\u00e4senet alkoivat vapaaehtoisesti v\u00e4hent\u00e4\u00e4 osuuttaan ja vaikutusvaltaansa. Bitcoin-asiantuntijat uskovat kuitenkin, ett\u00e4 &#8220;51% hy\u00f6kk\u00e4ys&#8221; on loppupeleiss\u00e4 ep\u00e4todenn\u00e4k\u00f6inen, koska sen kustannukset ylitt\u00e4isiv\u00e4t <a href=\"https:\/\/cryptonews.com\/fi\/guides\/huijaus-netissa-opas\/\">hy\u00f6kk\u00e4yksen<\/a> mahdolliset hy\u00f6dyt, joten siit\u00e4 ei olisi juurikaan haittaa yli 99 prosentille lohkoketjun k\u00e4ytt\u00e4jist\u00e4, eik\u00e4 hy\u00f6ty\u00e4 hy\u00f6kk\u00e4\u00e4jille.<\/p><p>T\u00e4llaista hy\u00f6kk\u00e4yst\u00e4 ei voida k\u00e4ytt\u00e4\u00e4 Bitcoinien varastamiseen tai vanhempien tapahtumien muuttamiseen. Se vaikuttaa vain viimeisimpiin tapahtumiin, mik\u00e4 tarkoittaa k\u00e4yt\u00e4nn\u00f6ss\u00e4, ett\u00e4 verkon tehokkuus saattaa hetkeksi h\u00e4iriinty\u00e4.<\/p><p>Pohjimmiltaan mik\u00e4 tahansa 51 prosentin hy\u00f6kk\u00e4ys kest\u00e4isi vain lyhyen ajan, ennen kuin Bitcoin-yhteis\u00f6 korjaisi sen. Suurin vahinko t\u00e4ss\u00e4 aiheutuisi kryptovaluutan imagolle. Bitcoinin oman verkon sijasta hakkerointi muodostaa suuremman riskin kryptovaluuttap\u00f6rsseiss\u00e4, joista suurinta osaa ei s\u00e4\u00e4nnell\u00e4 ja, kuten historia on osoittanut, joita hakkeroidaan melko s\u00e4\u00e4nn\u00f6llisesti.<\/p><p>Bitcoin-verkon hakkeroinnin uhka voi tulla todelliseksi, kun kvanttitietokone on rakennettu, koska se olisi paljon tehokkaampi kuin nykyiset tietokoneet. Mutta sen rakentamisen odotetaan kest\u00e4v\u00e4n vuosia, ja tapoja est\u00e4\u00e4 t\u00e4llaiset mahdolliset hy\u00f6kk\u00e4ykset tulevaisuudessa on jo ty\u00f6n alla.<\/p><h3>S\u00e4\u00e4ntely<\/h3><p>Yksi t\u00e4rke\u00e4 huomioitava asia on kehittyv\u00e4 <a href=\"https:\/\/cryptonews.com\/fi\/guides\/mica-saantely-opas\/\">kryptovaluuttojen s\u00e4\u00e4ntely<\/a>. Yh\u00e4 useammat maat alkavat todenn\u00e4k\u00f6isesti ottaa k\u00e4ytt\u00f6\u00f6n Bitcoin-lakeja, jotka voivat vaikuttaa kryptovaluutan ostamiseen ja k\u00e4ytt\u00e4miseen, sen oikeudellisiin k\u00e4ytt\u00f6mahdollisuuksiin ja <a href=\"https:\/\/cryptonews.com\/fi\/akatemia\/kryptovaluuttojen-verotus\/\">kryptovaluuttojen verovaikutuksiin<\/a>. S\u00e4\u00e4nt\u00f6jen lis\u00e4ksi uudet m\u00e4\u00e4r\u00e4ykset voivat my\u00f6s antaa Bitcoin-k\u00e4ytt\u00e4jille enemm\u00e4n oikeuksia, suojaa ja selkeytt\u00e4.<\/p><p>Jos noudatat yleisimpi\u00e4 Bitcoin-turvas\u00e4\u00e4nt\u00f6j\u00e4, k\u00e4yt\u00e4t todenn\u00e4k\u00f6isesti Bitcoinia turvallisimmalla ja luotettavimmalla tavalla. Loppujen lopuksi Bitcoin itsess\u00e4\u00e4n on turvallisin koskaan rakennettu rahaprotokolla. Siit\u00e4 huolimatta on olemassa kolmannen osapuolen palveluita, jotka eiv\u00e4t ota turvallisuutta tarpeeksi tosissaan, mink\u00e4 lis\u00e4ksi yksityishenkil\u00f6t eiv\u00e4t aina k\u00e4yt\u00e4 riitt\u00e4vi\u00e4 toimenpiteit\u00e4 turvatakseen itse\u00e4\u00e4n. Pysy siis turvassa ja muista, ett\u00e4 vastuu varoistasi on loppujen lopuksi sinulla itsell\u00e4si.<\/p><h2>Yhteenveto<\/h2><span class=\"replacer\"><\/span><p>Bitcoinia pidet\u00e4\u00e4n yleisesti luotettavana ja turvallisena valuuttana sen perustavanlaatuisen tekniikan, hajautetun kirjanpidon (blockchain), ja vahvan salauksen ansiosta. Blockchain-teknologia takaa tapahtumien l\u00e4pin\u00e4kyvyyden ja peruuttamattomuuden, mik\u00e4 v\u00e4hent\u00e4\u00e4 petosten riski\u00e4. Bitcoin-verkko on hajautettu, mik\u00e4 tarkoittaa, ett\u00e4 se toimii monien eri tietokoneiden yll\u00e4pit\u00e4m\u00e4n\u00e4 eik\u00e4 ole yhden keskitetyn tahon hallinnassa.<\/p><p>Turvallisuuden osalta Bitcoinin omistajat voivat s\u00e4ilytt\u00e4\u00e4 varojaan erityisiss\u00e4 turvallisissa lompakoissa, kuten kylm\u00e4lompakoissa, jotka eiv\u00e4t ole yhteydess\u00e4 Internetiin ja siten suojassa verkkohy\u00f6kk\u00e4yksilt\u00e4. K\u00e4ytt\u00e4jien on my\u00f6s t\u00e4rke\u00e4\u00e4 suojata omat yksityiset avaimensa ja ottaa huomioon yleiset tietoturvak\u00e4yt\u00e4nn\u00f6t, kuten monivaiheisen todennuksen k\u00e4ytt\u00f6\u00f6notto.<\/p><p> <\/p>","protected":false},"excerpt":{"rendered":"<p>Monet varmasti pohtivat kysymyst\u00e4 siit\u00e4, onko Bitcoinin k\u00e4ytt\u00f6 turvallista? Jos ollaan ihan rehellisi\u00e4, niin suurin osa ihmisist\u00e4 pit\u00e4\u00e4 Bitcoinia edelleen myyttisen\u00e4 Pandoran lippaana, joka kannen avatessa p\u00e4\u00e4st\u00e4\u00e4 ilmoille varkaita, rahanpesij\u00f6it\u00e4, huijareita, terroristeja ja muita pahimman laatuisia ihmisi\u00e4.Jos kuitenkin katsomme myyttien ja fantasiamaailman ohi, t\u00e4llaiset lausunnot tulee hyvin \u00e4kki\u00e4 todettua t\u00e4ysin v\u00e4\u00e4riksi ja harhaanjohtaviksi.Onko Bitcoin turvallinen [&hellip;]<\/p>\n","protected":false},"author":307,"featured_media":154809,"parent":154595,"menu_order":0,"comment_status":"closed","ping_status":"closed","template":"new-page-template.php","meta":{"_acf_changed":false,"footnotes":""},"editors":[55],"class_list":["post-154807","page","type-page","status-publish","has-post-thumbnail","hentry","editors-teresa-maria"],"acf":[],"yoast_head":"<!-- This site is optimized with the Yoast SEO plugin v26.1.1 - https:\/\/yoast.com\/wordpress\/plugins\/seo\/ -->\n<title>Onko Bitcoinin k\u00e4ytt\u00f6 turvallista? - Lue kattava opas<\/title>\n<meta name=\"description\" content=\"Onko Bitcoinin k\u00e4ytt\u00f6 turvallista? Lue oppaamme ja varmista, ett\u00e4 Bitcoin-omaisuutesi pysyy turvassa sek\u00e4 miten sijoittaa turvallisesti\" \/>\n<meta name=\"robots\" content=\"index, follow, max-snippet:-1, max-image-preview:large, max-video-preview:-1\" \/>\n<link rel=\"canonical\" href=\"https:\/\/cryptonews.com\/fi\/akatemia\/onko-bitcoinin-kaytto-turvallista\/\" \/>\n<meta property=\"og:locale\" content=\"fi_FI\" \/>\n<meta property=\"og:type\" content=\"article\" \/>\n<meta property=\"og:title\" content=\"Onko Bitcoinin k\u00e4ytt\u00f6 turvallista? - Lue kattava opas\" \/>\n<meta property=\"og:description\" content=\"Onko Bitcoinin k\u00e4ytt\u00f6 turvallista? Lue oppaamme ja varmista, ett\u00e4 Bitcoin-omaisuutesi pysyy turvassa sek\u00e4 miten sijoittaa turvallisesti\" \/>\n<meta property=\"og:url\" content=\"https:\/\/cryptonews.com\/fi\/akatemia\/onko-bitcoinin-kaytto-turvallista\/\" \/>\n<meta property=\"og:site_name\" content=\"Cryptonews Suomi\" \/>\n<meta property=\"article:modified_time\" content=\"2025-02-07T08:39:58+00:00\" \/>\n<meta property=\"og:image\" content=\"https:\/\/cimg.co\/wp-content\/uploads\/sites\/17\/2024\/08\/19104131\/1724053291-onko-bitcoinin-kaytto-turvallista.jpg\" \/>\n\t<meta property=\"og:image:width\" content=\"1200\" \/>\n\t<meta property=\"og:image:height\" content=\"600\" \/>\n\t<meta property=\"og:image:type\" content=\"image\/jpeg\" \/>\n<meta name=\"twitter:card\" content=\"summary_large_image\" \/>\n<meta name=\"twitter:title\" content=\"Onko Bitcoinin k\u00e4ytt\u00f6 turvallista? - Lue kattava opas\" \/>\n<meta name=\"twitter:description\" content=\"Onko Bitcoinin k\u00e4ytt\u00f6 turvallista? Lue oppaamme ja varmista, ett\u00e4 Bitcoin-omaisuutesi pysyy turvassa sek\u00e4 miten sijoittaa turvallisesti\" \/>\n<meta name=\"twitter:image\" content=\"https:\/\/cimg.co\/wp-content\/uploads\/sites\/17\/2024\/08\/19104131\/1724053291-onko-bitcoinin-kaytto-turvallista.jpg\" \/>\n<meta name=\"twitter:site\" content=\"@CryptoNewsSuomi\" \/>\n<!-- \/ Yoast SEO plugin. -->","yoast_head_json":{"title":"Onko Bitcoinin k\u00e4ytt\u00f6 turvallista? - Lue kattava opas","description":"Onko Bitcoinin k\u00e4ytt\u00f6 turvallista? Lue oppaamme ja varmista, ett\u00e4 Bitcoin-omaisuutesi pysyy turvassa sek\u00e4 miten sijoittaa turvallisesti","robots":{"index":"index","follow":"follow","max-snippet":"max-snippet:-1","max-image-preview":"max-image-preview:large","max-video-preview":"max-video-preview:-1"},"canonical":"https:\/\/cryptonews.com\/fi\/akatemia\/onko-bitcoinin-kaytto-turvallista\/","og_locale":"fi_FI","og_type":"article","og_title":"Onko Bitcoinin k\u00e4ytt\u00f6 turvallista? - Lue kattava opas","og_description":"Onko Bitcoinin k\u00e4ytt\u00f6 turvallista? Lue oppaamme ja varmista, ett\u00e4 Bitcoin-omaisuutesi pysyy turvassa sek\u00e4 miten sijoittaa turvallisesti","og_url":"https:\/\/cryptonews.com\/fi\/akatemia\/onko-bitcoinin-kaytto-turvallista\/","og_site_name":"Cryptonews Suomi","article_modified_time":"2025-02-07T08:39:58+00:00","og_image":[{"width":1200,"height":600,"url":"https:\/\/cimg.co\/wp-content\/uploads\/sites\/17\/2024\/08\/19104131\/1724053291-onko-bitcoinin-kaytto-turvallista.jpg","type":"image\/jpeg"}],"twitter_card":"summary_large_image","twitter_title":"Onko Bitcoinin k\u00e4ytt\u00f6 turvallista? - Lue kattava opas","twitter_description":"Onko Bitcoinin k\u00e4ytt\u00f6 turvallista? Lue oppaamme ja varmista, ett\u00e4 Bitcoin-omaisuutesi pysyy turvassa sek\u00e4 miten sijoittaa turvallisesti","twitter_image":"https:\/\/cimg.co\/wp-content\/uploads\/sites\/17\/2024\/08\/19104131\/1724053291-onko-bitcoinin-kaytto-turvallista.jpg","twitter_site":"@CryptoNewsSuomi","schema":{"@context":"https:\/\/schema.org","@graph":[{"@type":"WebPage","@id":"https:\/\/cryptonews.com\/fi\/akatemia\/onko-bitcoinin-kaytto-turvallista\/","url":"https:\/\/cryptonews.com\/fi\/akatemia\/onko-bitcoinin-kaytto-turvallista\/","name":"Onko Bitcoinin k\u00e4ytt\u00f6 turvallista? - Lue kattava opas","isPartOf":{"@id":"https:\/\/cryptonews.com\/fi\/#website"},"primaryImageOfPage":{"@id":"https:\/\/cryptonews.com\/fi\/akatemia\/onko-bitcoinin-kaytto-turvallista\/#primaryimage"},"image":{"@id":"https:\/\/cryptonews.com\/fi\/akatemia\/onko-bitcoinin-kaytto-turvallista\/#primaryimage"},"thumbnailUrl":"https:\/\/cimg.co\/wp-content\/uploads\/sites\/17\/2024\/08\/19104131\/1724053291-onko-bitcoinin-kaytto-turvallista.jpg","datePublished":"2024-08-20T10:57:17+00:00","dateModified":"2025-02-07T08:39:58+00:00","description":"Onko Bitcoinin k\u00e4ytt\u00f6 turvallista? Lue oppaamme ja varmista, ett\u00e4 Bitcoin-omaisuutesi pysyy turvassa sek\u00e4 miten sijoittaa turvallisesti","breadcrumb":{"@id":"https:\/\/cryptonews.com\/fi\/akatemia\/onko-bitcoinin-kaytto-turvallista\/#breadcrumb"},"inLanguage":"fi-FI","potentialAction":[{"@type":"ReadAction","target":["https:\/\/cryptonews.com\/fi\/akatemia\/onko-bitcoinin-kaytto-turvallista\/"]}],"author":[]},{"@type":"ImageObject","inLanguage":"fi-FI","@id":"https:\/\/cryptonews.com\/fi\/akatemia\/onko-bitcoinin-kaytto-turvallista\/#primaryimage","url":"https:\/\/cimg.co\/wp-content\/uploads\/sites\/17\/2024\/08\/19104131\/1724053291-onko-bitcoinin-kaytto-turvallista.jpg","contentUrl":"https:\/\/cimg.co\/wp-content\/uploads\/sites\/17\/2024\/08\/19104131\/1724053291-onko-bitcoinin-kaytto-turvallista.jpg","width":1200,"height":600},{"@type":"BreadcrumbList","@id":"https:\/\/cryptonews.com\/fi\/akatemia\/onko-bitcoinin-kaytto-turvallista\/#breadcrumb","itemListElement":[{"@type":"ListItem","position":1,"name":"Etusivu","item":"https:\/\/cryptonews.com\/fi\/"},{"@type":"ListItem","position":2,"name":"Cryptonews Akatemia","item":"https:\/\/cryptonews.com\/fi\/akatemia\/"},{"@type":"ListItem","position":3,"name":"Onko Bitcoinin k\u00e4ytt\u00f6 turvallista? &#8211; Lue laaja opas 2025"}]},{"@type":"WebSite","@id":"https:\/\/cryptonews.com\/fi\/#website","url":"https:\/\/cryptonews.com\/fi\/","name":"Cryptonews Suomi","description":"Kaikki taloudesta, sijoittamisesta ja kryptoista","publisher":{"@id":"https:\/\/cryptonews.com\/fi\/#organization"},"alternateName":"Kryptovaluutta uutiset","potentialAction":[{"@type":"SearchAction","target":{"@type":"EntryPoint","urlTemplate":"https:\/\/cryptonews.com\/fi\/?s={search_term_string}"},"query-input":{"@type":"PropertyValueSpecification","valueRequired":true,"valueName":"search_term_string"}}],"inLanguage":"fi-FI"},{"@type":"Organization","@id":"https:\/\/cryptonews.com\/fi\/#organization","name":"Cryptonews Suomi","alternateName":"Kryptovaluutta uutiset","url":"https:\/\/cryptonews.com\/fi\/","logo":{"@type":"ImageObject","inLanguage":"fi-FI","@id":"https:\/\/cryptonews.com\/fi\/#\/schema\/logo\/image\/","url":"https:\/\/cryptonews.com\/wp-content\/uploads\/sites\/17\/2023\/10\/1697704682-cryptonews-suomi-logo.jpg","contentUrl":"https:\/\/cryptonews.com\/wp-content\/uploads\/sites\/17\/2023\/10\/1697704682-cryptonews-suomi-logo.jpg","width":1669,"height":874,"caption":"Cryptonews Suomi"},"image":{"@id":"https:\/\/cryptonews.com\/fi\/#\/schema\/logo\/image\/"},"sameAs":["https:\/\/x.com\/CryptoNewsSuomi","https:\/\/www.youtube.com\/@CryptoNewsSuomi"]}]}},"_links":{"self":[{"href":"https:\/\/cryptonews.com\/fi\/wp-json\/wp\/v2\/pages\/154807","targetHints":{"allow":["GET"]}}],"collection":[{"href":"https:\/\/cryptonews.com\/fi\/wp-json\/wp\/v2\/pages"}],"about":[{"href":"https:\/\/cryptonews.com\/fi\/wp-json\/wp\/v2\/types\/page"}],"author":[{"embeddable":true,"href":"https:\/\/cryptonews.com\/fi\/wp-json\/wp\/v2\/users\/307"}],"replies":[{"embeddable":true,"href":"https:\/\/cryptonews.com\/fi\/wp-json\/wp\/v2\/comments?post=154807"}],"version-history":[{"count":8,"href":"https:\/\/cryptonews.com\/fi\/wp-json\/wp\/v2\/pages\/154807\/revisions"}],"predecessor-version":[{"id":167890,"href":"https:\/\/cryptonews.com\/fi\/wp-json\/wp\/v2\/pages\/154807\/revisions\/167890"}],"up":[{"embeddable":true,"href":"https:\/\/cryptonews.com\/fi\/wp-json\/wp\/v2\/pages\/154595"}],"wp:featuredmedia":[{"embeddable":true,"href":"https:\/\/cryptonews.com\/fi\/wp-json\/wp\/v2\/media\/154809"}],"wp:attachment":[{"href":"https:\/\/cryptonews.com\/fi\/wp-json\/wp\/v2\/media?parent=154807"}],"wp:term":[{"taxonomy":"type","embeddable":true,"href":"https:\/\/cryptonews.com\/fi\/wp-json\/wp\/v2\/1?post=154807"},{"taxonomy":"editors","embeddable":true,"href":"https:\/\/cryptonews.com\/fi\/wp-json\/wp\/v2\/editors?post=154807"}],"curies":[{"name":"wp","href":"https:\/\/api.w.org\/{rel}","templated":true}]}}