{"id":103163,"date":"2023-02-08T15:22:05","date_gmt":"2023-02-08T15:22:05","guid":{"rendered":"https:\/\/cryptonews.com\/es\/?p=103163"},"modified":"2023-02-08T15:22:05","modified_gmt":"2023-02-08T15:22:05","slug":"advertising","status":"publish","type":"page","link":"https:\/\/cryptonews.com\/es\/advertising\/","title":{"rendered":"Publicidad"},"content":{"rendered":"<p>Es posible alcanzar a millones de lectores fieles del mercado de criptomonedas, anunci\u00e1ndose en Cryptonews.com.<\/p><p>Si est\u00e1 desarrollando un proyecto de criptomonedas, gestionando una agencia de publicidad o se encuentra interesado en atraer lectores de criptomonedas a otros mercados, Cryptonews.com es el lugar ideal para alcanzar sus objetivos publicitarios.<\/p><p>Ofrecemos diversas opciones de colocaci\u00f3n de anuncios, como comunicados de prensa, publicaciones patrocinadas, boletines informativos y patrocinio de podcast, entre otros.<\/p><p>Para m\u00e1s informaci\u00f3n, escr\u00edbanos a advertising@cryptonews.com<\/p>","protected":false},"excerpt":{"rendered":"<p>Es posible alcanzar a millones de lectores fieles del mercado de criptomonedas, anunci\u00e1ndose en Cryptonews.com.Si est\u00e1 desarrollando un proyecto de criptomonedas, gestionando una agencia de publicidad o se encuentra interesado en atraer lectores de criptomonedas a otros mercados, Cryptonews.com es el lugar ideal para alcanzar sus objetivos publicitarios.Ofrecemos diversas opciones de colocaci\u00f3n de anuncios, como [&hellip;]<\/p>\n","protected":false},"author":1,"featured_media":0,"parent":0,"menu_order":6,"comment_status":"closed","ping_status":"closed","template":"","meta":{"_acf_changed":false,"footnotes":""},"redactores":[],"class_list":["post-103163","page","type-page","status-publish","hentry"],"acf":[],"yoast_head":"<!-- This site is optimized with the Yoast SEO plugin v26.1.1 - https:\/\/yoast.com\/wordpress\/plugins\/seo\/ -->\n<title>Publicidad - Cryptonews en Espa\u00f1ol<\/title>\n<meta name=\"description\" content=\"Es posible alcanzar a millones de lectores fieles del mercado de criptomonedas, anunci\u00e1ndose en Cryptonews.com\" \/>\n<meta name=\"robots\" content=\"index, follow, max-snippet:-1, max-image-preview:large, max-video-preview:-1\" \/>\n<link rel=\"canonical\" href=\"https:\/\/cryptonews.com\/es\/advertising\/\" \/>\n<meta property=\"og:locale\" content=\"es_ES\" \/>\n<meta property=\"og:type\" content=\"article\" \/>\n<meta property=\"og:title\" content=\"Publicidad - Cryptonews en Espa\u00f1ol\" \/>\n<meta property=\"og:description\" content=\"Es posible alcanzar a millones de lectores fieles del mercado de criptomonedas, anunci\u00e1ndose en Cryptonews.com\" \/>\n<meta property=\"og:url\" content=\"https:\/\/cryptonews.com\/es\/advertising\/\" \/>\n<meta property=\"og:site_name\" content=\"Cryptonews en Espa\u00f1ol\" \/>\n<meta property=\"og:image\" content=\"https:\/\/cryptonews.com\/wp-content\/uploads\/sites\/12\/2023\/09\/4.jpg\" \/>\n\t<meta property=\"og:image:width\" content=\"1669\" \/>\n\t<meta property=\"og:image:height\" content=\"874\" \/>\n\t<meta property=\"og:image:type\" content=\"image\/jpeg\" \/>\n<meta name=\"twitter:card\" content=\"summary_large_image\" \/>\n<meta name=\"twitter:title\" content=\"- Cryptonews en Espa\u00f1ol\" \/>\n<meta name=\"twitter:description\" content=\"Es posible alcanzar a millones de lectores fieles del mercado de criptomonedas, anunci\u00e1ndose en Cryptonews.com\" \/>\n<meta name=\"twitter:image\" content=\"https:\/\/cimg.co\/p\/assets\/empty-cryptonews.jpg\" \/>\n<!-- \/ Yoast SEO plugin. -->","yoast_head_json":{"title":"Publicidad - Cryptonews en Espa\u00f1ol","description":"Es posible alcanzar a millones de lectores fieles del mercado de criptomonedas, anunci\u00e1ndose en Cryptonews.com","robots":{"index":"index","follow":"follow","max-snippet":"max-snippet:-1","max-image-preview":"max-image-preview:large","max-video-preview":"max-video-preview:-1"},"canonical":"https:\/\/cryptonews.com\/es\/advertising\/","og_locale":"es_ES","og_type":"article","og_title":"Publicidad - Cryptonews en Espa\u00f1ol","og_description":"Es posible alcanzar a millones de lectores fieles del mercado de criptomonedas, anunci\u00e1ndose en Cryptonews.com","og_url":"https:\/\/cryptonews.com\/es\/advertising\/","og_site_name":"Cryptonews en Espa\u00f1ol","og_image":[{"width":1669,"height":874,"url":"https:\/\/cryptonews.com\/wp-content\/uploads\/sites\/12\/2023\/09\/4.jpg","type":"image\/jpeg"}],"twitter_card":"summary_large_image","twitter_title":"- Cryptonews en Espa\u00f1ol","twitter_description":"Es posible alcanzar a millones de lectores fieles del mercado de criptomonedas, anunci\u00e1ndose en Cryptonews.com","twitter_image":"https:\/\/cimg.co\/p\/assets\/empty-cryptonews.jpg","schema":{"@context":"https:\/\/schema.org","@graph":[{"@type":"WebPage","@id":"https:\/\/cryptonews.com\/es\/advertising\/","url":"https:\/\/cryptonews.com\/es\/advertising\/","name":"Publicidad - Cryptonews en Espa\u00f1ol","isPartOf":{"@id":"https:\/\/cryptonews.com\/es\/#website"},"datePublished":"2023-02-08T15:22:05+00:00","description":"Es posible alcanzar a millones de lectores fieles del mercado de criptomonedas, anunci\u00e1ndose en Cryptonews.com","breadcrumb":{"@id":"https:\/\/cryptonews.com\/es\/advertising\/#breadcrumb"},"inLanguage":"es-ES","potentialAction":[{"@type":"ReadAction","target":["https:\/\/cryptonews.com\/es\/advertising\/"]}],"author":[]},{"@type":"BreadcrumbList","@id":"https:\/\/cryptonews.com\/es\/advertising\/#breadcrumb","itemListElement":[{"@type":"ListItem","position":1,"name":"Home","item":"https:\/\/cryptonews.com\/es\/"},{"@type":"ListItem","position":2,"name":"Publicidad"}]},{"@type":"WebSite","@id":"https:\/\/cryptonews.com\/es\/#website","url":"https:\/\/cryptonews.com\/es\/","name":"Cryptonews en Espa\u00f1ol","description":"","publisher":{"@id":"https:\/\/cryptonews.com\/es\/#organization"},"potentialAction":[{"@type":"SearchAction","target":{"@type":"EntryPoint","urlTemplate":"https:\/\/cryptonews.com\/es\/?s={search_term_string}"},"query-input":{"@type":"PropertyValueSpecification","valueRequired":true,"valueName":"search_term_string"}}],"inLanguage":"es-ES"},{"@type":"Organization","@id":"https:\/\/cryptonews.com\/es\/#organization","name":"Cryptonews en Espa\u00f1ol","url":"https:\/\/cryptonews.com\/es\/","logo":{"@type":"ImageObject","inLanguage":"es-ES","@id":"https:\/\/cryptonews.com\/es\/#\/schema\/logo\/image\/","url":"https:\/\/cryptonews.com\/wp-content\/uploads\/sites\/12\/2023\/09\/cropped-CryptoNews-Logo-1.png","contentUrl":"https:\/\/cryptonews.com\/wp-content\/uploads\/sites\/12\/2023\/09\/cropped-CryptoNews-Logo-1.png","width":100,"height":91,"caption":"Cryptonews en Espa\u00f1ol"},"image":{"@id":"https:\/\/cryptonews.com\/es\/#\/schema\/logo\/image\/"}}]}},"_links":{"self":[{"href":"https:\/\/cryptonews.com\/es\/wp-json\/wp\/v2\/pages\/103163","targetHints":{"allow":["GET"]}}],"collection":[{"href":"https:\/\/cryptonews.com\/es\/wp-json\/wp\/v2\/pages"}],"about":[{"href":"https:\/\/cryptonews.com\/es\/wp-json\/wp\/v2\/types\/page"}],"author":[{"embeddable":true,"href":"https:\/\/cryptonews.com\/es\/wp-json\/wp\/v2\/users\/1"}],"replies":[{"embeddable":true,"href":"https:\/\/cryptonews.com\/es\/wp-json\/wp\/v2\/comments?post=103163"}],"version-history":[{"count":3,"href":"https:\/\/cryptonews.com\/es\/wp-json\/wp\/v2\/pages\/103163\/revisions"}],"predecessor-version":[{"id":161255,"href":"https:\/\/cryptonews.com\/es\/wp-json\/wp\/v2\/pages\/103163\/revisions\/161255"}],"wp:attachment":[{"href":"https:\/\/cryptonews.com\/es\/wp-json\/wp\/v2\/media?parent=103163"}],"wp:term":[{"taxonomy":"type","embeddable":true,"href":"https:\/\/cryptonews.com\/es\/wp-json\/wp\/v2\/1?post=103163"},{"taxonomy":"redactores","embeddable":true,"href":"https:\/\/cryptonews.com\/es\/wp-json\/wp\/v2\/redactores?post=103163"}],"curies":[{"name":"wp","href":"https:\/\/api.w.org\/{rel}","templated":true}]}}